{"id":16960,"date":"2024-11-01T15:08:09","date_gmt":"2024-11-01T14:08:09","guid":{"rendered":"https:\/\/linoexpress.com\/pl\/?post_type=product&#038;p=16960"},"modified":"2025-01-16T13:12:31","modified_gmt":"2025-01-16T12:12:31","slug":"realistyczne-maski-na-twarz","status":"publish","type":"product","link":"https:\/\/linoexpress.com\/pl\/produkt\/realistyczne-maski-na-twarz\/","title":{"rendered":"Realistyczne maski na twarz"},"content":{"rendered":"","protected":false},"excerpt":{"rendered":"<p>Najwy\u017cszej jako\u015bci maseczki, przypominaj\u0105ce prawdziw\u0105 osob\u0119. B\u0105d\u017a w centrum uwagi podczas Halloween, bal\u00f3w maskowych, imprez tematycznych lub \u017cart\u00f3w swoim znajomym!<\/p>\n","protected":false},"featured_media":16965,"comment_status":"closed","ping_status":"closed","template":"","meta":{"inline_featured_image":false},"product_brand":[],"product_cat":[15,35],"product_tag":[],"class_list":{"0":"post-16960","1":"product","2":"type-product","3":"status-publish","4":"has-post-thumbnail","6":"product_cat-uncategorized","7":"product_cat-fun","9":"first","10":"instock","11":"sale","12":"taxable","13":"shipping-taxable","14":"purchasable","15":"product-type-simple"},"acf":[],"_links":{"self":[{"href":"https:\/\/linoexpress.com\/pl\/wp-json\/wp\/v2\/product\/16960","targetHints":{"allow":["GET"]}}],"collection":[{"href":"https:\/\/linoexpress.com\/pl\/wp-json\/wp\/v2\/product"}],"about":[{"href":"https:\/\/linoexpress.com\/pl\/wp-json\/wp\/v2\/types\/product"}],"replies":[{"embeddable":true,"href":"https:\/\/linoexpress.com\/pl\/wp-json\/wp\/v2\/comments?post=16960"}],"wp:featuredmedia":[{"embeddable":true,"href":"https:\/\/linoexpress.com\/pl\/wp-json\/wp\/v2\/media\/16965"}],"wp:attachment":[{"href":"https:\/\/linoexpress.com\/pl\/wp-json\/wp\/v2\/media?parent=16960"}],"wp:term":[{"taxonomy":"product_brand","embeddable":true,"href":"https:\/\/linoexpress.com\/pl\/wp-json\/wp\/v2\/product_brand?post=16960"},{"taxonomy":"product_cat","embeddable":true,"href":"https:\/\/linoexpress.com\/pl\/wp-json\/wp\/v2\/product_cat?post=16960"},{"taxonomy":"product_tag","embeddable":true,"href":"https:\/\/linoexpress.com\/pl\/wp-json\/wp\/v2\/product_tag?post=16960"}],"curies":[{"name":"wp","href":"https:\/\/api.w.org\/{rel}","templated":true}]}}