{"id":16997,"date":"2024-11-07T14:58:44","date_gmt":"2024-11-07T13:58:44","guid":{"rendered":"https:\/\/linoexpress.com\/pl\/?post_type=product&#038;p=16997"},"modified":"2024-11-07T15:00:45","modified_gmt":"2024-11-07T14:00:45","slug":"przybornik-montessori","status":"publish","type":"product","link":"https:\/\/linoexpress.com\/pl\/produkt\/przybornik-montessori\/","title":{"rendered":"Przybornik Montessori"},"content":{"rendered":"","protected":false},"excerpt":{"rendered":"<p>Nowy spos\u00f3b na rozrywk\u0119 i jako\u015b\u0107 sp\u0119dzania czasu. Ten zestaw narz\u0119dzi Montessori to wszystko, czego potrzebujesz, aby zapewni\u0107 dzieciom rado\u015b\u0107 i rozrywk\u0119 na wiele godzin!<\/p>\n","protected":false},"featured_media":17000,"comment_status":"closed","ping_status":"closed","template":"","meta":{"inline_featured_image":false},"product_brand":[],"product_cat":[15,35],"product_tag":[],"class_list":{"0":"post-16997","1":"product","2":"type-product","3":"status-publish","4":"has-post-thumbnail","6":"product_cat-uncategorized","7":"product_cat-fun","9":"first","10":"instock","11":"sale","12":"taxable","13":"shipping-taxable","14":"purchasable","15":"product-type-simple"},"acf":[],"_links":{"self":[{"href":"https:\/\/linoexpress.com\/pl\/wp-json\/wp\/v2\/product\/16997","targetHints":{"allow":["GET"]}}],"collection":[{"href":"https:\/\/linoexpress.com\/pl\/wp-json\/wp\/v2\/product"}],"about":[{"href":"https:\/\/linoexpress.com\/pl\/wp-json\/wp\/v2\/types\/product"}],"replies":[{"embeddable":true,"href":"https:\/\/linoexpress.com\/pl\/wp-json\/wp\/v2\/comments?post=16997"}],"wp:featuredmedia":[{"embeddable":true,"href":"https:\/\/linoexpress.com\/pl\/wp-json\/wp\/v2\/media\/17000"}],"wp:attachment":[{"href":"https:\/\/linoexpress.com\/pl\/wp-json\/wp\/v2\/media?parent=16997"}],"wp:term":[{"taxonomy":"product_brand","embeddable":true,"href":"https:\/\/linoexpress.com\/pl\/wp-json\/wp\/v2\/product_brand?post=16997"},{"taxonomy":"product_cat","embeddable":true,"href":"https:\/\/linoexpress.com\/pl\/wp-json\/wp\/v2\/product_cat?post=16997"},{"taxonomy":"product_tag","embeddable":true,"href":"https:\/\/linoexpress.com\/pl\/wp-json\/wp\/v2\/product_tag?post=16997"}],"curies":[{"name":"wp","href":"https:\/\/api.w.org\/{rel}","templated":true}]}}