{"id":17006,"date":"2024-11-08T09:33:08","date_gmt":"2024-11-08T08:33:08","guid":{"rendered":"https:\/\/linoexpress.com\/pl\/?post_type=product&#038;p=17006"},"modified":"2024-11-08T09:34:37","modified_gmt":"2024-11-08T08:34:37","slug":"zestaw-diy-do-robienia-na-drutach-bransoletek-ze-sznurka","status":"publish","type":"product","link":"https:\/\/linoexpress.com\/pl\/produkt\/zestaw-diy-do-robienia-na-drutach-bransoletek-ze-sznurka\/","title":{"rendered":"Zestaw DIY do robienia na drutach bransoletek ze sznurka"},"content":{"rendered":"","protected":false},"excerpt":{"rendered":"<p>Ten r\u0119czny zestaw do robienia na drutach to kreatywna gra dla dzieci, kt\u00f3ra pozwala im rozwija\u0107 umiej\u0119tno\u015bci manualne i pobudza\u0107 ich kreatywno\u015b\u0107.<\/p>\n","protected":false},"featured_media":17010,"comment_status":"closed","ping_status":"closed","template":"","meta":{"inline_featured_image":false},"product_brand":[],"product_cat":[15,35],"product_tag":[],"class_list":{"0":"post-17006","1":"product","2":"type-product","3":"status-publish","4":"has-post-thumbnail","6":"product_cat-uncategorized","7":"product_cat-fun","9":"first","10":"instock","11":"sale","12":"taxable","13":"shipping-taxable","14":"purchasable","15":"product-type-simple"},"acf":[],"_links":{"self":[{"href":"https:\/\/linoexpress.com\/pl\/wp-json\/wp\/v2\/product\/17006","targetHints":{"allow":["GET"]}}],"collection":[{"href":"https:\/\/linoexpress.com\/pl\/wp-json\/wp\/v2\/product"}],"about":[{"href":"https:\/\/linoexpress.com\/pl\/wp-json\/wp\/v2\/types\/product"}],"replies":[{"embeddable":true,"href":"https:\/\/linoexpress.com\/pl\/wp-json\/wp\/v2\/comments?post=17006"}],"wp:featuredmedia":[{"embeddable":true,"href":"https:\/\/linoexpress.com\/pl\/wp-json\/wp\/v2\/media\/17010"}],"wp:attachment":[{"href":"https:\/\/linoexpress.com\/pl\/wp-json\/wp\/v2\/media?parent=17006"}],"wp:term":[{"taxonomy":"product_brand","embeddable":true,"href":"https:\/\/linoexpress.com\/pl\/wp-json\/wp\/v2\/product_brand?post=17006"},{"taxonomy":"product_cat","embeddable":true,"href":"https:\/\/linoexpress.com\/pl\/wp-json\/wp\/v2\/product_cat?post=17006"},{"taxonomy":"product_tag","embeddable":true,"href":"https:\/\/linoexpress.com\/pl\/wp-json\/wp\/v2\/product_tag?post=17006"}],"curies":[{"name":"wp","href":"https:\/\/api.w.org\/{rel}","templated":true}]}}