{"id":17012,"date":"2024-11-08T11:35:06","date_gmt":"2024-11-08T10:35:06","guid":{"rendered":"https:\/\/linoexpress.com\/pl\/?post_type=product&#038;p=17012"},"modified":"2025-04-28T09:58:52","modified_gmt":"2025-04-28T07:58:52","slug":"skladany-elektryczny-pojazd-kartingowy-dla-dzieci","status":"publish","type":"product","link":"https:\/\/linoexpress.com\/pl\/produkt\/skladany-elektryczny-pojazd-kartingowy-dla-dzieci\/","title":{"rendered":"Sk\u0142adany elektryczny pojazd kartingowy dla dzieci"},"content":{"rendered":"","protected":false},"excerpt":{"rendered":"<p>Elektryczny gokart dla dzieci idealny dla maluch\u00f3w kochaj\u0105cych emocje i jazd\u0119!<\/p>\n","protected":false},"featured_media":17013,"comment_status":"closed","ping_status":"closed","template":"","meta":{"inline_featured_image":false},"product_brand":[],"product_cat":[15,35],"product_tag":[],"class_list":{"0":"post-17012","1":"product","2":"type-product","3":"status-publish","4":"has-post-thumbnail","6":"product_cat-uncategorized","7":"product_cat-fun","9":"first","10":"instock","11":"sale","12":"taxable","13":"shipping-taxable","14":"purchasable","15":"product-type-simple"},"acf":[],"_links":{"self":[{"href":"https:\/\/linoexpress.com\/pl\/wp-json\/wp\/v2\/product\/17012","targetHints":{"allow":["GET"]}}],"collection":[{"href":"https:\/\/linoexpress.com\/pl\/wp-json\/wp\/v2\/product"}],"about":[{"href":"https:\/\/linoexpress.com\/pl\/wp-json\/wp\/v2\/types\/product"}],"replies":[{"embeddable":true,"href":"https:\/\/linoexpress.com\/pl\/wp-json\/wp\/v2\/comments?post=17012"}],"wp:featuredmedia":[{"embeddable":true,"href":"https:\/\/linoexpress.com\/pl\/wp-json\/wp\/v2\/media\/17013"}],"wp:attachment":[{"href":"https:\/\/linoexpress.com\/pl\/wp-json\/wp\/v2\/media?parent=17012"}],"wp:term":[{"taxonomy":"product_brand","embeddable":true,"href":"https:\/\/linoexpress.com\/pl\/wp-json\/wp\/v2\/product_brand?post=17012"},{"taxonomy":"product_cat","embeddable":true,"href":"https:\/\/linoexpress.com\/pl\/wp-json\/wp\/v2\/product_cat?post=17012"},{"taxonomy":"product_tag","embeddable":true,"href":"https:\/\/linoexpress.com\/pl\/wp-json\/wp\/v2\/product_tag?post=17012"}],"curies":[{"name":"wp","href":"https:\/\/api.w.org\/{rel}","templated":true}]}}