{"id":17499,"date":"2025-03-04T10:01:58","date_gmt":"2025-03-04T09:01:58","guid":{"rendered":"https:\/\/linoexpress.com\/pl\/?post_type=product&#038;p=17499"},"modified":"2025-09-18T10:28:22","modified_gmt":"2025-09-18T08:28:22","slug":"pozycjoner-do-montazu-drzwi","status":"publish","type":"product","link":"https:\/\/linoexpress.com\/pl\/produkt\/pozycjoner-do-montazu-drzwi\/","title":{"rendered":"Pozycjoner do monta\u017cu drzwi"},"content":{"rendered":"","protected":false},"excerpt":{"rendered":"<p>Nasz pozycjoner do monta\u017cu drzwi umo\u017cliwia szybkie i precyzyjne uzyskanie idealnego ustawienia, nawet bez pomocy innych os\u00f3b. Narz\u0119dzie to zosta\u0142o zaprojektowane z my\u015bl\u0105 o \u0142atwo\u015bci u\u017cytkowania, dzi\u0119ki czemu mo\u017cesz wykona\u0107 swoj\u0105 prac\u0119 szybciej i wydajniej.<\/p>\n","protected":false},"featured_media":17500,"comment_status":"closed","ping_status":"closed","template":"","meta":{"inline_featured_image":false},"product_brand":[],"product_cat":[15,35],"product_tag":[],"class_list":{"0":"post-17499","1":"product","2":"type-product","3":"status-publish","4":"has-post-thumbnail","6":"product_cat-uncategorized","7":"product_cat-fun","9":"first","10":"instock","11":"sale","12":"taxable","13":"shipping-taxable","14":"purchasable","15":"product-type-simple"},"acf":[],"_links":{"self":[{"href":"https:\/\/linoexpress.com\/pl\/wp-json\/wp\/v2\/product\/17499","targetHints":{"allow":["GET"]}}],"collection":[{"href":"https:\/\/linoexpress.com\/pl\/wp-json\/wp\/v2\/product"}],"about":[{"href":"https:\/\/linoexpress.com\/pl\/wp-json\/wp\/v2\/types\/product"}],"replies":[{"embeddable":true,"href":"https:\/\/linoexpress.com\/pl\/wp-json\/wp\/v2\/comments?post=17499"}],"wp:featuredmedia":[{"embeddable":true,"href":"https:\/\/linoexpress.com\/pl\/wp-json\/wp\/v2\/media\/17500"}],"wp:attachment":[{"href":"https:\/\/linoexpress.com\/pl\/wp-json\/wp\/v2\/media?parent=17499"}],"wp:term":[{"taxonomy":"product_brand","embeddable":true,"href":"https:\/\/linoexpress.com\/pl\/wp-json\/wp\/v2\/product_brand?post=17499"},{"taxonomy":"product_cat","embeddable":true,"href":"https:\/\/linoexpress.com\/pl\/wp-json\/wp\/v2\/product_cat?post=17499"},{"taxonomy":"product_tag","embeddable":true,"href":"https:\/\/linoexpress.com\/pl\/wp-json\/wp\/v2\/product_tag?post=17499"}],"curies":[{"name":"wp","href":"https:\/\/api.w.org\/{rel}","templated":true}]}}