{"id":17518,"date":"2025-03-04T13:33:37","date_gmt":"2025-03-04T12:33:37","guid":{"rendered":"https:\/\/linoexpress.com\/pl\/?post_type=product&#038;p=17518"},"modified":"2025-03-26T15:33:29","modified_gmt":"2025-03-26T14:33:29","slug":"zestaw-artystyczny-kreatywna-magia","status":"publish","type":"product","link":"https:\/\/linoexpress.com\/pl\/produkt\/zestaw-artystyczny-kreatywna-magia\/","title":{"rendered":"Zestaw artystyczny &#8211; kreatywna magia"},"content":{"rendered":"","protected":false},"excerpt":{"rendered":"<p>Odkryj magiczny \u015bwiat sztuki! Ten kreatywny zestaw pozwala z \u0142atwo\u015bci\u0105 tworzy\u0107 niesamowite dzie\u0142a sztuki zaledwie jednym rysowaniem. Niezale\u017cnie od tego, czy jeste\u015b pocz\u0105tkuj\u0105cym, czy do\u015bwiadczonym artyst\u0105, zestaw ten oferuje nieograniczone mo\u017cliwo\u015bci wyra\u017cenia swojej kreatywno\u015bci. Rozwesel swoje dzieci lub siebie t\u0105 zabawn\u0105 i edukacyjn\u0105 aktywno\u015bci\u0105!<\/p>\n","protected":false},"featured_media":17524,"comment_status":"closed","ping_status":"closed","template":"","meta":{"inline_featured_image":false},"product_brand":[],"product_cat":[15,35],"product_tag":[],"class_list":{"0":"post-17518","1":"product","2":"type-product","3":"status-publish","4":"has-post-thumbnail","6":"product_cat-uncategorized","7":"product_cat-fun","9":"first","10":"instock","11":"sale","12":"taxable","13":"shipping-taxable","14":"purchasable","15":"product-type-simple"},"acf":[],"_links":{"self":[{"href":"https:\/\/linoexpress.com\/pl\/wp-json\/wp\/v2\/product\/17518","targetHints":{"allow":["GET"]}}],"collection":[{"href":"https:\/\/linoexpress.com\/pl\/wp-json\/wp\/v2\/product"}],"about":[{"href":"https:\/\/linoexpress.com\/pl\/wp-json\/wp\/v2\/types\/product"}],"replies":[{"embeddable":true,"href":"https:\/\/linoexpress.com\/pl\/wp-json\/wp\/v2\/comments?post=17518"}],"wp:featuredmedia":[{"embeddable":true,"href":"https:\/\/linoexpress.com\/pl\/wp-json\/wp\/v2\/media\/17524"}],"wp:attachment":[{"href":"https:\/\/linoexpress.com\/pl\/wp-json\/wp\/v2\/media?parent=17518"}],"wp:term":[{"taxonomy":"product_brand","embeddable":true,"href":"https:\/\/linoexpress.com\/pl\/wp-json\/wp\/v2\/product_brand?post=17518"},{"taxonomy":"product_cat","embeddable":true,"href":"https:\/\/linoexpress.com\/pl\/wp-json\/wp\/v2\/product_cat?post=17518"},{"taxonomy":"product_tag","embeddable":true,"href":"https:\/\/linoexpress.com\/pl\/wp-json\/wp\/v2\/product_tag?post=17518"}],"curies":[{"name":"wp","href":"https:\/\/api.w.org\/{rel}","templated":true}]}}