{"id":17564,"date":"2025-03-12T19:55:31","date_gmt":"2025-03-12T18:55:31","guid":{"rendered":"https:\/\/linoexpress.com\/pl\/?post_type=product&#038;p=17564"},"modified":"2025-04-28T07:36:24","modified_gmt":"2025-04-28T05:36:24","slug":"samochod-elektryczny-i-manualny-2-w-1","status":"publish","type":"product","link":"https:\/\/linoexpress.com\/pl\/produkt\/samochod-elektryczny-i-manualny-2-w-1\/","title":{"rendered":"Samoch\u00f3d elektryczny i manualny 2 w 1"},"content":{"rendered":"","protected":false},"excerpt":{"rendered":"<p>Ten innowacyjny samochodzik pozwala dzieciom wybiera\u0107 mi\u0119dzy klasycznym sterowaniem manualnym i trybem elektrycznym, co zapewnia jeszcze wi\u0119ksz\u0105 przyjemno\u015b\u0107 z jazdy. \u015awietnie nadaje si\u0119 do zabawy w domu i na zewn\u0105trz, zapewniaj\u0105c bezpiecze\u0144stwo i stabilno\u015b\u0107. Nowoczesny design i \u0142atwo\u015b\u0107 u\u017cytkowania sprawiaj\u0105, \u017ce jest to idealny wyb\u00f3r dla najm\u0142odszych.<\/p>\n","protected":false},"featured_media":17566,"comment_status":"closed","ping_status":"closed","template":"","meta":{"inline_featured_image":false},"product_brand":[],"product_cat":[15,35],"product_tag":[],"class_list":{"0":"post-17564","1":"product","2":"type-product","3":"status-publish","4":"has-post-thumbnail","6":"product_cat-uncategorized","7":"product_cat-fun","9":"first","10":"instock","11":"sale","12":"taxable","13":"shipping-taxable","14":"purchasable","15":"product-type-simple"},"acf":[],"_links":{"self":[{"href":"https:\/\/linoexpress.com\/pl\/wp-json\/wp\/v2\/product\/17564","targetHints":{"allow":["GET"]}}],"collection":[{"href":"https:\/\/linoexpress.com\/pl\/wp-json\/wp\/v2\/product"}],"about":[{"href":"https:\/\/linoexpress.com\/pl\/wp-json\/wp\/v2\/types\/product"}],"replies":[{"embeddable":true,"href":"https:\/\/linoexpress.com\/pl\/wp-json\/wp\/v2\/comments?post=17564"}],"wp:featuredmedia":[{"embeddable":true,"href":"https:\/\/linoexpress.com\/pl\/wp-json\/wp\/v2\/media\/17566"}],"wp:attachment":[{"href":"https:\/\/linoexpress.com\/pl\/wp-json\/wp\/v2\/media?parent=17564"}],"wp:term":[{"taxonomy":"product_brand","embeddable":true,"href":"https:\/\/linoexpress.com\/pl\/wp-json\/wp\/v2\/product_brand?post=17564"},{"taxonomy":"product_cat","embeddable":true,"href":"https:\/\/linoexpress.com\/pl\/wp-json\/wp\/v2\/product_cat?post=17564"},{"taxonomy":"product_tag","embeddable":true,"href":"https:\/\/linoexpress.com\/pl\/wp-json\/wp\/v2\/product_tag?post=17564"}],"curies":[{"name":"wp","href":"https:\/\/api.w.org\/{rel}","templated":true}]}}