{"id":17590,"date":"2025-03-14T11:36:51","date_gmt":"2025-03-14T10:36:51","guid":{"rendered":"https:\/\/linoexpress.com\/pl\/?post_type=product&#038;p=17590"},"modified":"2025-09-18T10:37:32","modified_gmt":"2025-09-18T08:37:32","slug":"indywidualna-tasma-treningowa-do-boksu","status":"publish","type":"product","link":"https:\/\/linoexpress.com\/pl\/produkt\/indywidualna-tasma-treningowa-do-boksu\/","title":{"rendered":"Indywidualna ta\u015bma treningowa do boksu"},"content":{"rendered":"","protected":false},"excerpt":{"rendered":"<p>Innowacyjna ta\u015bma oporowa zaprojektowana specjalnie dla bokser\u00f3w. Pomagaj\u0105 udoskonali\u0107 prac\u0119 n\u00f3g, zwi\u0119kszy\u0107 si\u0142\u0119 uderze\u0144 i uchroni\u0107 si\u0119 przed kontuzjami. Idealne narz\u0119dzie dla bokser\u00f3w na ka\u017cdym poziomie zaawansowania \u2013 od pocz\u0105tkuj\u0105cych do profesjonalist\u00f3w.<\/p>\n","protected":false},"featured_media":17591,"comment_status":"closed","ping_status":"closed","template":"","meta":{"inline_featured_image":false},"product_brand":[],"product_cat":[15,35],"product_tag":[],"class_list":{"0":"post-17590","1":"product","2":"type-product","3":"status-publish","4":"has-post-thumbnail","6":"product_cat-uncategorized","7":"product_cat-fun","9":"first","10":"instock","11":"sale","12":"taxable","13":"shipping-taxable","14":"purchasable","15":"product-type-simple"},"acf":[],"_links":{"self":[{"href":"https:\/\/linoexpress.com\/pl\/wp-json\/wp\/v2\/product\/17590","targetHints":{"allow":["GET"]}}],"collection":[{"href":"https:\/\/linoexpress.com\/pl\/wp-json\/wp\/v2\/product"}],"about":[{"href":"https:\/\/linoexpress.com\/pl\/wp-json\/wp\/v2\/types\/product"}],"replies":[{"embeddable":true,"href":"https:\/\/linoexpress.com\/pl\/wp-json\/wp\/v2\/comments?post=17590"}],"wp:featuredmedia":[{"embeddable":true,"href":"https:\/\/linoexpress.com\/pl\/wp-json\/wp\/v2\/media\/17591"}],"wp:attachment":[{"href":"https:\/\/linoexpress.com\/pl\/wp-json\/wp\/v2\/media?parent=17590"}],"wp:term":[{"taxonomy":"product_brand","embeddable":true,"href":"https:\/\/linoexpress.com\/pl\/wp-json\/wp\/v2\/product_brand?post=17590"},{"taxonomy":"product_cat","embeddable":true,"href":"https:\/\/linoexpress.com\/pl\/wp-json\/wp\/v2\/product_cat?post=17590"},{"taxonomy":"product_tag","embeddable":true,"href":"https:\/\/linoexpress.com\/pl\/wp-json\/wp\/v2\/product_tag?post=17590"}],"curies":[{"name":"wp","href":"https:\/\/api.w.org\/{rel}","templated":true}]}}