{"id":17599,"date":"2025-03-14T11:40:08","date_gmt":"2025-03-14T10:40:08","guid":{"rendered":"https:\/\/linoexpress.com\/pl\/?post_type=product&#038;p=17599"},"modified":"2025-04-28T07:36:08","modified_gmt":"2025-04-28T05:36:08","slug":"cwiczenia-miesni-kegla","status":"publish","type":"product","link":"https:\/\/linoexpress.com\/pl\/produkt\/cwiczenia-miesni-kegla\/","title":{"rendered":"\u0106wiczenia mi\u0119\u015bni Kegla"},"content":{"rendered":"","protected":false},"excerpt":{"rendered":"<p>Osi\u0105gnij wi\u0119ksz\u0105 kontrol\u0119 i wytrzyma\u0142o\u015b\u0107 dzi\u0119ki \u0107wiczeniom mi\u0119\u015bni Kegla, kt\u00f3re wzmacniaj\u0105 mi\u0119\u015bnie dna miednicy. Ta prosta, naturalna i sprawdzona metoda pozwala poprawi\u0107 sprawno\u015b\u0107 fizyczn\u0105, wytrzyma\u0142o\u015b\u0107 i og\u00f3lne samopoczucie bez stosowania lek\u00f3w. Urz\u0105dzenie jest idealne zar\u00f3wno dla m\u0119\u017cczyzn, jak i kobiet, jest przeno\u015bne i \u0142atwe w u\u017cyciu w ka\u017cdym miejscu.<\/p>\n","protected":false},"featured_media":17600,"comment_status":"closed","ping_status":"closed","template":"","meta":{"inline_featured_image":false},"product_brand":[],"product_cat":[15,35],"product_tag":[],"class_list":{"0":"post-17599","1":"product","2":"type-product","3":"status-publish","4":"has-post-thumbnail","6":"product_cat-uncategorized","7":"product_cat-fun","9":"first","10":"instock","11":"sale","12":"taxable","13":"shipping-taxable","14":"purchasable","15":"product-type-simple"},"acf":[],"_links":{"self":[{"href":"https:\/\/linoexpress.com\/pl\/wp-json\/wp\/v2\/product\/17599","targetHints":{"allow":["GET"]}}],"collection":[{"href":"https:\/\/linoexpress.com\/pl\/wp-json\/wp\/v2\/product"}],"about":[{"href":"https:\/\/linoexpress.com\/pl\/wp-json\/wp\/v2\/types\/product"}],"replies":[{"embeddable":true,"href":"https:\/\/linoexpress.com\/pl\/wp-json\/wp\/v2\/comments?post=17599"}],"wp:featuredmedia":[{"embeddable":true,"href":"https:\/\/linoexpress.com\/pl\/wp-json\/wp\/v2\/media\/17600"}],"wp:attachment":[{"href":"https:\/\/linoexpress.com\/pl\/wp-json\/wp\/v2\/media?parent=17599"}],"wp:term":[{"taxonomy":"product_brand","embeddable":true,"href":"https:\/\/linoexpress.com\/pl\/wp-json\/wp\/v2\/product_brand?post=17599"},{"taxonomy":"product_cat","embeddable":true,"href":"https:\/\/linoexpress.com\/pl\/wp-json\/wp\/v2\/product_cat?post=17599"},{"taxonomy":"product_tag","embeddable":true,"href":"https:\/\/linoexpress.com\/pl\/wp-json\/wp\/v2\/product_tag?post=17599"}],"curies":[{"name":"wp","href":"https:\/\/api.w.org\/{rel}","templated":true}]}}