{"id":17802,"date":"2025-04-09T09:20:28","date_gmt":"2025-04-09T07:20:28","guid":{"rendered":"https:\/\/linoexpress.com\/pl\/?post_type=product&#038;p=17802"},"modified":"2025-09-18T09:59:21","modified_gmt":"2025-09-18T07:59:21","slug":"samochod-elektryczny-i-manualny-2-w-1-2","status":"publish","type":"product","link":"https:\/\/linoexpress.com\/pl\/produkt\/samochod-elektryczny-i-manualny-2-w-1-2\/","title":{"rendered":"Samoch\u00f3d elektryczny i manualny 2 w 1"},"content":{"rendered":"","protected":false},"excerpt":{"rendered":"<div class=\"woocommerce-product-details__short-description\">\n<div class=\"woocommerce-product-details__short-description\">\n<div class=\"woocommerce-product-details__short-description\">\n<div class=\"woocommerce-product-details__short-description\">\n<p>Ten innowacyjny samochodzik zapewnia dzieciom podw\u00f3jn\u0105 zabaw\u0119 i swobod\u0119. Mo\u017cna obs\u0142ugiwa\u0107 go r\u0119cznie, obracaj\u0105c kierownic\u0105, lub w\u0142\u0105czy\u0107 nap\u0119d elektryczny, aby zapewni\u0107 sobie jeszcze wygodniejsz\u0105 jazd\u0119. Idealnie nadaje si\u0119 do zabawy zar\u00f3wno wewn\u0105trz, jak i na zewn\u0105trz, a jej bezpieczna i stabilna konstrukcja gwarantuje bezproblemow\u0105 zabaw\u0119.<\/p>\n<\/div>\n<\/div>\n<\/div>\n<\/div>\n","protected":false},"featured_media":17805,"comment_status":"closed","ping_status":"closed","template":"","meta":{"inline_featured_image":false},"product_brand":[],"product_cat":[27,15],"product_tag":[],"class_list":{"0":"post-17802","1":"product","2":"type-product","3":"status-publish","4":"has-post-thumbnail","6":"product_cat-home","7":"product_cat-uncategorized","9":"first","10":"instock","11":"sale","12":"taxable","13":"shipping-taxable","14":"purchasable","15":"product-type-simple"},"acf":[],"_links":{"self":[{"href":"https:\/\/linoexpress.com\/pl\/wp-json\/wp\/v2\/product\/17802","targetHints":{"allow":["GET"]}}],"collection":[{"href":"https:\/\/linoexpress.com\/pl\/wp-json\/wp\/v2\/product"}],"about":[{"href":"https:\/\/linoexpress.com\/pl\/wp-json\/wp\/v2\/types\/product"}],"replies":[{"embeddable":true,"href":"https:\/\/linoexpress.com\/pl\/wp-json\/wp\/v2\/comments?post=17802"}],"wp:featuredmedia":[{"embeddable":true,"href":"https:\/\/linoexpress.com\/pl\/wp-json\/wp\/v2\/media\/17805"}],"wp:attachment":[{"href":"https:\/\/linoexpress.com\/pl\/wp-json\/wp\/v2\/media?parent=17802"}],"wp:term":[{"taxonomy":"product_brand","embeddable":true,"href":"https:\/\/linoexpress.com\/pl\/wp-json\/wp\/v2\/product_brand?post=17802"},{"taxonomy":"product_cat","embeddable":true,"href":"https:\/\/linoexpress.com\/pl\/wp-json\/wp\/v2\/product_cat?post=17802"},{"taxonomy":"product_tag","embeddable":true,"href":"https:\/\/linoexpress.com\/pl\/wp-json\/wp\/v2\/product_tag?post=17802"}],"curies":[{"name":"wp","href":"https:\/\/api.w.org\/{rel}","templated":true}]}}