{"id":18105,"date":"2025-06-25T01:04:04","date_gmt":"2025-06-24T23:04:04","guid":{"rendered":"https:\/\/linoexpress.com\/pl\/?post_type=product&#038;p=18105"},"modified":"2025-06-25T16:17:36","modified_gmt":"2025-06-25T14:17:36","slug":"lustro-scienne-z-akrylu","status":"publish","type":"product","link":"https:\/\/linoexpress.com\/pl\/produkt\/lustro-scienne-z-akrylu\/","title":{"rendered":"Lustro \u015bcienne z akrylu"},"content":{"rendered":"","protected":false},"excerpt":{"rendered":"<div class=\"woocommerce-product-details__short-description\">\n<div class=\"woocommerce-product-details__short-description\">\n<div class=\"woocommerce-product-details__short-description\">\n<div class=\"woocommerce-product-details__short-description\">\n<p data-start=\"7231\" data-end=\"7518\">Bezpieczne, praktyczne i wyj\u0105tkowo wytrzyma\u0142e \u2013 lustro z akrylu jest idealne do ka\u017cdego domu. Nie t\u0142ucze si\u0119 jak szk\u0142o i \u0142atwo zamontowa\u0107 je na \u015bcianie bez u\u017cycia narz\u0119dzi. To idealne rozwi\u0105zanie do bezpiecznego przegl\u0105dania si\u0119 i wizualnego powi\u0119kszenia przestrzeni.<\/p>\n<p data-start=\"7520\" data-end=\"7580\">\n<\/div>\n<\/div>\n<\/div>\n<\/div>\n","protected":false},"featured_media":18112,"comment_status":"closed","ping_status":"closed","template":"","meta":{"inline_featured_image":false},"product_brand":[],"product_cat":[27,15],"product_tag":[],"class_list":{"0":"post-18105","1":"product","2":"type-product","3":"status-publish","4":"has-post-thumbnail","6":"product_cat-home","7":"product_cat-uncategorized","9":"first","10":"instock","11":"sale","12":"taxable","13":"shipping-taxable","14":"purchasable","15":"product-type-simple"},"acf":[],"_links":{"self":[{"href":"https:\/\/linoexpress.com\/pl\/wp-json\/wp\/v2\/product\/18105","targetHints":{"allow":["GET"]}}],"collection":[{"href":"https:\/\/linoexpress.com\/pl\/wp-json\/wp\/v2\/product"}],"about":[{"href":"https:\/\/linoexpress.com\/pl\/wp-json\/wp\/v2\/types\/product"}],"replies":[{"embeddable":true,"href":"https:\/\/linoexpress.com\/pl\/wp-json\/wp\/v2\/comments?post=18105"}],"wp:featuredmedia":[{"embeddable":true,"href":"https:\/\/linoexpress.com\/pl\/wp-json\/wp\/v2\/media\/18112"}],"wp:attachment":[{"href":"https:\/\/linoexpress.com\/pl\/wp-json\/wp\/v2\/media?parent=18105"}],"wp:term":[{"taxonomy":"product_brand","embeddable":true,"href":"https:\/\/linoexpress.com\/pl\/wp-json\/wp\/v2\/product_brand?post=18105"},{"taxonomy":"product_cat","embeddable":true,"href":"https:\/\/linoexpress.com\/pl\/wp-json\/wp\/v2\/product_cat?post=18105"},{"taxonomy":"product_tag","embeddable":true,"href":"https:\/\/linoexpress.com\/pl\/wp-json\/wp\/v2\/product_tag?post=18105"}],"curies":[{"name":"wp","href":"https:\/\/api.w.org\/{rel}","templated":true}]}}