{"id":18142,"date":"2025-06-26T01:11:06","date_gmt":"2025-06-25T23:11:06","guid":{"rendered":"https:\/\/linoexpress.com\/pl\/?post_type=product&#038;p=18142"},"modified":"2025-06-26T02:47:22","modified_gmt":"2025-06-26T00:47:22","slug":"przenosna-wanna-spa","status":"publish","type":"product","link":"https:\/\/linoexpress.com\/pl\/produkt\/przenosna-wanna-spa\/","title":{"rendered":"Przeno\u015bna wanna spa"},"content":{"rendered":"","protected":false},"excerpt":{"rendered":"<div class=\"woocommerce-product-details__short-description\">\n<div class=\"woocommerce-product-details__short-description\">\n<div class=\"woocommerce-product-details__short-description\">\n<div class=\"woocommerce-product-details__short-description\">\n<p>Przeno\u015bna mini wanna to idealne rozwi\u0105zanie do relaksacji w ka\u017cdym miejscu \u2013 w domu, w podr\u00f3\u017cy, a nawet na \u015bwie\u017cym powietrzu. Dzi\u0119ki sk\u0142adanej konstrukcji zajmuje minimaln\u0105 ilo\u015b\u0107 miejsca i jest \u0142atwa do przenoszenia. Wykonana z bezpiecznych, wygodnych i termoizolacyjnych materia\u0142\u00f3w, zapewnia pe\u0142ne do\u015bwiadczenie spa.<\/p>\n<\/div>\n<\/div>\n<\/div>\n<\/div>\n","protected":false},"featured_media":18154,"comment_status":"closed","ping_status":"closed","template":"","meta":{"inline_featured_image":false},"product_brand":[],"product_cat":[27,15],"product_tag":[],"class_list":{"0":"post-18142","1":"product","2":"type-product","3":"status-publish","4":"has-post-thumbnail","6":"product_cat-home","7":"product_cat-uncategorized","9":"first","10":"instock","11":"sale","12":"taxable","13":"shipping-taxable","14":"purchasable","15":"product-type-simple"},"acf":[],"_links":{"self":[{"href":"https:\/\/linoexpress.com\/pl\/wp-json\/wp\/v2\/product\/18142","targetHints":{"allow":["GET"]}}],"collection":[{"href":"https:\/\/linoexpress.com\/pl\/wp-json\/wp\/v2\/product"}],"about":[{"href":"https:\/\/linoexpress.com\/pl\/wp-json\/wp\/v2\/types\/product"}],"replies":[{"embeddable":true,"href":"https:\/\/linoexpress.com\/pl\/wp-json\/wp\/v2\/comments?post=18142"}],"wp:featuredmedia":[{"embeddable":true,"href":"https:\/\/linoexpress.com\/pl\/wp-json\/wp\/v2\/media\/18154"}],"wp:attachment":[{"href":"https:\/\/linoexpress.com\/pl\/wp-json\/wp\/v2\/media?parent=18142"}],"wp:term":[{"taxonomy":"product_brand","embeddable":true,"href":"https:\/\/linoexpress.com\/pl\/wp-json\/wp\/v2\/product_brand?post=18142"},{"taxonomy":"product_cat","embeddable":true,"href":"https:\/\/linoexpress.com\/pl\/wp-json\/wp\/v2\/product_cat?post=18142"},{"taxonomy":"product_tag","embeddable":true,"href":"https:\/\/linoexpress.com\/pl\/wp-json\/wp\/v2\/product_tag?post=18142"}],"curies":[{"name":"wp","href":"https:\/\/api.w.org\/{rel}","templated":true}]}}