{"id":18520,"date":"2025-08-26T12:05:30","date_gmt":"2025-08-26T10:05:30","guid":{"rendered":"https:\/\/linoexpress.com\/pl\/?post_type=product&#038;p=18520"},"modified":"2025-08-26T13:37:27","modified_gmt":"2025-08-26T11:37:27","slug":"cicha-pilka-do-niekonczacej-sie-zabawy-silent-basketball","status":"publish","type":"product","link":"https:\/\/linoexpress.com\/pl\/produkt\/cicha-pilka-do-niekonczacej-sie-zabawy-silent-basketball\/","title":{"rendered":"Cicha pi\u0142ka do nieko\u0144cz\u0105cej si\u0119 zabawy \u2013 Silent Basketball"},"content":{"rendered":"","protected":false},"excerpt":{"rendered":"<div class=\"woocommerce-product-details__short-description\">\n<div class=\"woocommerce-product-details__short-description\">\n<div class=\"woocommerce-product-details__short-description\">\n<div class=\"woocommerce-product-details__short-description\">\n<p>Wyobra\u017a sobie pi\u0142k\u0119 do koszyk\u00f3wki, kt\u00f3ra nie ha\u0142asuje, nie niszczy mebli i jest bezpieczna do zabawy w mieszkaniu. W\u0142a\u015bnie to oferuje Silent Basketball \u2013 lekka i elastyczna pi\u0142ka stworzona do godzin rozrywki.<br data-start=\"370\" data-end=\"373\" \/>Bez pompowania, bez ogranicze\u0144, tylko czysta zabawa!<\/p>\n<\/div>\n<\/div>\n<\/div>\n<\/div>\n","protected":false},"featured_media":18525,"comment_status":"closed","ping_status":"closed","template":"","meta":{"inline_featured_image":false},"product_brand":[],"product_cat":[27,15],"product_tag":[],"class_list":{"0":"post-18520","1":"product","2":"type-product","3":"status-publish","4":"has-post-thumbnail","6":"product_cat-home","7":"product_cat-uncategorized","9":"first","10":"instock","11":"sale","12":"taxable","13":"shipping-taxable","14":"purchasable","15":"product-type-simple"},"acf":[],"_links":{"self":[{"href":"https:\/\/linoexpress.com\/pl\/wp-json\/wp\/v2\/product\/18520","targetHints":{"allow":["GET"]}}],"collection":[{"href":"https:\/\/linoexpress.com\/pl\/wp-json\/wp\/v2\/product"}],"about":[{"href":"https:\/\/linoexpress.com\/pl\/wp-json\/wp\/v2\/types\/product"}],"replies":[{"embeddable":true,"href":"https:\/\/linoexpress.com\/pl\/wp-json\/wp\/v2\/comments?post=18520"}],"wp:featuredmedia":[{"embeddable":true,"href":"https:\/\/linoexpress.com\/pl\/wp-json\/wp\/v2\/media\/18525"}],"wp:attachment":[{"href":"https:\/\/linoexpress.com\/pl\/wp-json\/wp\/v2\/media?parent=18520"}],"wp:term":[{"taxonomy":"product_brand","embeddable":true,"href":"https:\/\/linoexpress.com\/pl\/wp-json\/wp\/v2\/product_brand?post=18520"},{"taxonomy":"product_cat","embeddable":true,"href":"https:\/\/linoexpress.com\/pl\/wp-json\/wp\/v2\/product_cat?post=18520"},{"taxonomy":"product_tag","embeddable":true,"href":"https:\/\/linoexpress.com\/pl\/wp-json\/wp\/v2\/product_tag?post=18520"}],"curies":[{"name":"wp","href":"https:\/\/api.w.org\/{rel}","templated":true}]}}