{"id":18752,"date":"2025-10-17T09:52:20","date_gmt":"2025-10-17T07:52:20","guid":{"rendered":"https:\/\/linoexpress.com\/pl\/?post_type=product&#038;p=18752"},"modified":"2025-11-19T09:42:56","modified_gmt":"2025-11-19T08:42:56","slug":"ksiazka-dzwiekowa-do-nauki-angielskiego","status":"publish","type":"product","link":"https:\/\/linoexpress.com\/pl\/produkt\/ksiazka-dzwiekowa-do-nauki-angielskiego\/","title":{"rendered":"Ksi\u0105\u017cka d\u017awi\u0119kowa do nauki angielskiego"},"content":{"rendered":"","protected":false},"excerpt":{"rendered":"<p>Interaktywna ksi\u0105\u017cka z d\u017awi\u0119kiem pomaga dzieciom nauczy\u0107 si\u0119 ponad 470 s\u0142\u00f3w w j\u0119zyku angielskim poprzez 21 temat\u00f3w, quizy i piosenki. Idealna do u\u017cytku domowego, w przedszkolu, w szkole lub jako edukacyjny prezent. Ksi\u0105\u017cka \u0142\u0105czy zabaw\u0119 i nauk\u0119, zach\u0119caj\u0105c dzieci do samodzielnego odkrywania i m\u00f3wienia.<\/p>\n","protected":false},"featured_media":18756,"comment_status":"closed","ping_status":"closed","template":"","meta":{"inline_featured_image":false},"product_brand":[],"product_cat":[27,15,35],"product_tag":[],"class_list":{"0":"post-18752","1":"product","2":"type-product","3":"status-publish","4":"has-post-thumbnail","6":"product_cat-home","7":"product_cat-uncategorized","8":"product_cat-fun","10":"first","11":"instock","12":"sale","13":"taxable","14":"shipping-taxable","15":"purchasable","16":"product-type-simple"},"acf":[],"_links":{"self":[{"href":"https:\/\/linoexpress.com\/pl\/wp-json\/wp\/v2\/product\/18752","targetHints":{"allow":["GET"]}}],"collection":[{"href":"https:\/\/linoexpress.com\/pl\/wp-json\/wp\/v2\/product"}],"about":[{"href":"https:\/\/linoexpress.com\/pl\/wp-json\/wp\/v2\/types\/product"}],"replies":[{"embeddable":true,"href":"https:\/\/linoexpress.com\/pl\/wp-json\/wp\/v2\/comments?post=18752"}],"wp:featuredmedia":[{"embeddable":true,"href":"https:\/\/linoexpress.com\/pl\/wp-json\/wp\/v2\/media\/18756"}],"wp:attachment":[{"href":"https:\/\/linoexpress.com\/pl\/wp-json\/wp\/v2\/media?parent=18752"}],"wp:term":[{"taxonomy":"product_brand","embeddable":true,"href":"https:\/\/linoexpress.com\/pl\/wp-json\/wp\/v2\/product_brand?post=18752"},{"taxonomy":"product_cat","embeddable":true,"href":"https:\/\/linoexpress.com\/pl\/wp-json\/wp\/v2\/product_cat?post=18752"},{"taxonomy":"product_tag","embeddable":true,"href":"https:\/\/linoexpress.com\/pl\/wp-json\/wp\/v2\/product_tag?post=18752"}],"curies":[{"name":"wp","href":"https:\/\/api.w.org\/{rel}","templated":true}]}}