{"id":18771,"date":"2025-10-17T16:31:31","date_gmt":"2025-10-17T14:31:31","guid":{"rendered":"https:\/\/linoexpress.com\/pl\/?post_type=product&#038;p=18771"},"modified":"2025-11-19T09:42:51","modified_gmt":"2025-11-19T08:42:51","slug":"emocjonalna-pluszowa-zabawka-kuschelkoala","status":"publish","type":"product","link":"https:\/\/linoexpress.com\/pl\/produkt\/emocjonalna-pluszowa-zabawka-kuschelkoala\/","title":{"rendered":"Emocjonalna pluszowa zabawka &#8211; KuschelKoala"},"content":{"rendered":"","protected":false},"excerpt":{"rendered":"<div class=\"woocommerce-product-details__short-description\">\n<div class=\"woocommerce-product-details__short-description\">\n<div class=\"woocommerce-product-details__short-description\">\n<div class=\"woocommerce-product-details__short-description\">\n<p>KuschelKoala to co\u015b wi\u0119cej ni\u017c zwyk\u0142a pluszowa zabawka \u2013 to ma\u0142y emocjonalny towarzysz. Jej mi\u0119kka i przyjemna w dotyku faktura daje poczucie bezpiecze\u0144stwa, \u0142agodzi stres i samotno\u015b\u0107, oraz wspomaga uwalnianie hormonu szcz\u0119\u015bcia \u2013 oksytocyny. Idealna dla dzieci i doros\u0142ych, w domu, w podr\u00f3\u017cy lub jako sta\u0142e \u017ar\u00f3d\u0142o pocieszenia.<\/p>\n<\/div>\n<\/div>\n<\/div>\n<\/div>\n","protected":false},"featured_media":18773,"comment_status":"closed","ping_status":"closed","template":"","meta":{"inline_featured_image":false},"product_brand":[],"product_cat":[27,15,35],"product_tag":[],"class_list":{"0":"post-18771","1":"product","2":"type-product","3":"status-publish","4":"has-post-thumbnail","6":"product_cat-home","7":"product_cat-uncategorized","8":"product_cat-fun","10":"first","11":"instock","12":"sale","13":"taxable","14":"shipping-taxable","15":"purchasable","16":"product-type-simple"},"acf":[],"_links":{"self":[{"href":"https:\/\/linoexpress.com\/pl\/wp-json\/wp\/v2\/product\/18771","targetHints":{"allow":["GET"]}}],"collection":[{"href":"https:\/\/linoexpress.com\/pl\/wp-json\/wp\/v2\/product"}],"about":[{"href":"https:\/\/linoexpress.com\/pl\/wp-json\/wp\/v2\/types\/product"}],"replies":[{"embeddable":true,"href":"https:\/\/linoexpress.com\/pl\/wp-json\/wp\/v2\/comments?post=18771"}],"wp:featuredmedia":[{"embeddable":true,"href":"https:\/\/linoexpress.com\/pl\/wp-json\/wp\/v2\/media\/18773"}],"wp:attachment":[{"href":"https:\/\/linoexpress.com\/pl\/wp-json\/wp\/v2\/media?parent=18771"}],"wp:term":[{"taxonomy":"product_brand","embeddable":true,"href":"https:\/\/linoexpress.com\/pl\/wp-json\/wp\/v2\/product_brand?post=18771"},{"taxonomy":"product_cat","embeddable":true,"href":"https:\/\/linoexpress.com\/pl\/wp-json\/wp\/v2\/product_cat?post=18771"},{"taxonomy":"product_tag","embeddable":true,"href":"https:\/\/linoexpress.com\/pl\/wp-json\/wp\/v2\/product_tag?post=18771"}],"curies":[{"name":"wp","href":"https:\/\/api.w.org\/{rel}","templated":true}]}}