{"id":18875,"date":"2025-11-04T10:58:13","date_gmt":"2025-11-04T09:58:13","guid":{"rendered":"https:\/\/linoexpress.com\/pl\/?post_type=product&#038;p=18875"},"modified":"2026-02-19T15:56:50","modified_gmt":"2026-02-19T14:56:50","slug":"calkowicie-pluszowy-pies-robot","status":"publish","type":"product","link":"https:\/\/linoexpress.com\/pl\/produkt\/calkowicie-pluszowy-pies-robot\/","title":{"rendered":"Ca\u0142kowicie pluszowy pies-robot"},"content":{"rendered":"","protected":false},"excerpt":{"rendered":"<p>Ten przes\u0142odki pluszowy pies-robot przynosi rado\u015b\u0107, ciep\u0142o i u\u015bmiech ka\u017cdemu dziecku.<br data-start=\"315\" data-end=\"318\" \/>Idealny towarzysz zabawy, przytulania i spokojnego snu \u2014 niczym prawdziwy pupil.<br data-start=\"398\" data-end=\"401\" \/>Wykonany z mi\u0119kkiej i bezpiecznej tkaniny, z interaktywnymi funkcjami, kt\u00f3re o\u017cywiaj\u0105 zabaw\u0119 i tworz\u0105 niezapomniane chwile.<\/p>\n","protected":false},"featured_media":18880,"comment_status":"closed","ping_status":"closed","template":"","meta":{"inline_featured_image":false},"product_brand":[],"product_cat":[27,15,35],"product_tag":[],"class_list":{"0":"post-18875","1":"product","2":"type-product","3":"status-publish","4":"has-post-thumbnail","6":"product_cat-home","7":"product_cat-uncategorized","8":"product_cat-fun","10":"first","11":"instock","12":"sale","13":"taxable","14":"shipping-taxable","15":"purchasable","16":"product-type-simple"},"acf":[],"_links":{"self":[{"href":"https:\/\/linoexpress.com\/pl\/wp-json\/wp\/v2\/product\/18875","targetHints":{"allow":["GET"]}}],"collection":[{"href":"https:\/\/linoexpress.com\/pl\/wp-json\/wp\/v2\/product"}],"about":[{"href":"https:\/\/linoexpress.com\/pl\/wp-json\/wp\/v2\/types\/product"}],"replies":[{"embeddable":true,"href":"https:\/\/linoexpress.com\/pl\/wp-json\/wp\/v2\/comments?post=18875"}],"wp:featuredmedia":[{"embeddable":true,"href":"https:\/\/linoexpress.com\/pl\/wp-json\/wp\/v2\/media\/18880"}],"wp:attachment":[{"href":"https:\/\/linoexpress.com\/pl\/wp-json\/wp\/v2\/media?parent=18875"}],"wp:term":[{"taxonomy":"product_brand","embeddable":true,"href":"https:\/\/linoexpress.com\/pl\/wp-json\/wp\/v2\/product_brand?post=18875"},{"taxonomy":"product_cat","embeddable":true,"href":"https:\/\/linoexpress.com\/pl\/wp-json\/wp\/v2\/product_cat?post=18875"},{"taxonomy":"product_tag","embeddable":true,"href":"https:\/\/linoexpress.com\/pl\/wp-json\/wp\/v2\/product_tag?post=18875"}],"curies":[{"name":"wp","href":"https:\/\/api.w.org\/{rel}","templated":true}]}}