{"id":18892,"date":"2025-11-05T18:49:01","date_gmt":"2025-11-05T17:49:01","guid":{"rendered":"https:\/\/linoexpress.com\/pl\/produkt\/tracne-product\/"},"modified":"2026-04-10T07:38:05","modified_gmt":"2026-04-10T05:38:05","slug":"przenosny-rozciagacz-szyi","status":"publish","type":"product","link":"https:\/\/linoexpress.com\/pl\/produkt\/przenosny-rozciagacz-szyi\/","title":{"rendered":"Przeno\u015bny rozci\u0105gacz szyi"},"content":{"rendered":"","protected":false},"excerpt":{"rendered":"<p>Po\u017cegnaj si\u0119 ze sztywno\u015bci\u0105 i napi\u0119ciem w szyi dzi\u0119ki temu przeno\u015bnemu rozci\u0105gaczowi szyi, kt\u00f3rego mo\u017cesz u\u017cywa\u0107 w dowolnym miejscu i czasie. Idealny do regeneracji po d\u0142ugiej pracy przy komputerze, aktywno\u015bci fizycznej lub ci\u0119\u017ckim dniu. Zapewnia profesjonalne rozci\u0105ganie i ulg\u0119 mi\u0119\u015bni szyi i ramion \u2013 wszystko to w zaciszu Twojego domu.<\/p>\n","protected":false},"featured_media":18893,"comment_status":"closed","ping_status":"closed","template":"","meta":{"inline_featured_image":false},"product_brand":[],"product_cat":[27,24,15,35],"product_tag":[],"class_list":{"0":"post-18892","1":"product","2":"type-product","3":"status-publish","4":"has-post-thumbnail","6":"product_cat-home","7":"product_cat-sale","8":"product_cat-uncategorized","9":"product_cat-fun","11":"first","12":"instock","13":"sale","14":"taxable","15":"shipping-taxable","16":"purchasable","17":"product-type-simple"},"acf":[],"_links":{"self":[{"href":"https:\/\/linoexpress.com\/pl\/wp-json\/wp\/v2\/product\/18892","targetHints":{"allow":["GET"]}}],"collection":[{"href":"https:\/\/linoexpress.com\/pl\/wp-json\/wp\/v2\/product"}],"about":[{"href":"https:\/\/linoexpress.com\/pl\/wp-json\/wp\/v2\/types\/product"}],"replies":[{"embeddable":true,"href":"https:\/\/linoexpress.com\/pl\/wp-json\/wp\/v2\/comments?post=18892"}],"wp:featuredmedia":[{"embeddable":true,"href":"https:\/\/linoexpress.com\/pl\/wp-json\/wp\/v2\/media\/18893"}],"wp:attachment":[{"href":"https:\/\/linoexpress.com\/pl\/wp-json\/wp\/v2\/media?parent=18892"}],"wp:term":[{"taxonomy":"product_brand","embeddable":true,"href":"https:\/\/linoexpress.com\/pl\/wp-json\/wp\/v2\/product_brand?post=18892"},{"taxonomy":"product_cat","embeddable":true,"href":"https:\/\/linoexpress.com\/pl\/wp-json\/wp\/v2\/product_cat?post=18892"},{"taxonomy":"product_tag","embeddable":true,"href":"https:\/\/linoexpress.com\/pl\/wp-json\/wp\/v2\/product_tag?post=18892"}],"curies":[{"name":"wp","href":"https:\/\/api.w.org\/{rel}","templated":true}]}}