{"id":18922,"date":"2025-11-06T16:38:54","date_gmt":"2025-11-06T15:38:54","guid":{"rendered":"https:\/\/linoexpress.com\/pl\/produkt\/musictrvo-product\/"},"modified":"2025-11-06T16:57:01","modified_gmt":"2025-11-06T15:57:01","slug":"pozytywka-swiateczny-pociag","status":"publish","type":"product","link":"https:\/\/linoexpress.com\/pl\/produkt\/pozytywka-swiateczny-pociag\/","title":{"rendered":"Pozytywka \u015awi\u0105teczny poci\u0105g"},"content":{"rendered":"","protected":false},"excerpt":{"rendered":"<p>Retro design poci\u0105gu z pi\u0119knymi motywami bo\u017conarodzeniowymi i \u015bwi\u0105teczn\u0105 muzyk\u0105 tworzy ciep\u0142\u0105, bajkow\u0105 atmosfer\u0119 w ka\u017cdym domu. Ta elegancka dekoracja z Miko\u0142ajem, prezentami i efektem kuli \u015bnie\u017cnej jest doskona\u0142ym wyborem na \u015bwi\u0105teczny st\u00f3\u0142, kominek lub p\u00f3\u0142k\u0119.<\/p>\n","protected":false},"featured_media":18923,"comment_status":"closed","ping_status":"closed","template":"","meta":{"inline_featured_image":false},"product_brand":[],"product_cat":[27,24,15,35],"product_tag":[],"class_list":{"0":"post-18922","1":"product","2":"type-product","3":"status-publish","4":"has-post-thumbnail","6":"product_cat-home","7":"product_cat-sale","8":"product_cat-uncategorized","9":"product_cat-fun","11":"first","12":"instock","13":"sale","14":"taxable","15":"shipping-taxable","16":"purchasable","17":"product-type-simple"},"acf":[],"_links":{"self":[{"href":"https:\/\/linoexpress.com\/pl\/wp-json\/wp\/v2\/product\/18922","targetHints":{"allow":["GET"]}}],"collection":[{"href":"https:\/\/linoexpress.com\/pl\/wp-json\/wp\/v2\/product"}],"about":[{"href":"https:\/\/linoexpress.com\/pl\/wp-json\/wp\/v2\/types\/product"}],"replies":[{"embeddable":true,"href":"https:\/\/linoexpress.com\/pl\/wp-json\/wp\/v2\/comments?post=18922"}],"wp:featuredmedia":[{"embeddable":true,"href":"https:\/\/linoexpress.com\/pl\/wp-json\/wp\/v2\/media\/18923"}],"wp:attachment":[{"href":"https:\/\/linoexpress.com\/pl\/wp-json\/wp\/v2\/media?parent=18922"}],"wp:term":[{"taxonomy":"product_brand","embeddable":true,"href":"https:\/\/linoexpress.com\/pl\/wp-json\/wp\/v2\/product_brand?post=18922"},{"taxonomy":"product_cat","embeddable":true,"href":"https:\/\/linoexpress.com\/pl\/wp-json\/wp\/v2\/product_cat?post=18922"},{"taxonomy":"product_tag","embeddable":true,"href":"https:\/\/linoexpress.com\/pl\/wp-json\/wp\/v2\/product_tag?post=18922"}],"curies":[{"name":"wp","href":"https:\/\/api.w.org\/{rel}","templated":true}]}}