{"id":18938,"date":"2025-11-06T22:09:52","date_gmt":"2025-11-06T21:09:52","guid":{"rendered":"https:\/\/linoexpress.com\/pl\/produkt\/dino-product\/"},"modified":"2025-11-07T00:10:54","modified_gmt":"2025-11-06T23:10:54","slug":"nadmuchiwany-dinozaur-dla-dzieci","status":"publish","type":"product","link":"https:\/\/linoexpress.com\/pl\/produkt\/nadmuchiwany-dinozaur-dla-dzieci\/","title":{"rendered":"Nadmuchiwany dinozaur dla dzieci"},"content":{"rendered":"","protected":false},"excerpt":{"rendered":"<p>Zamie\u0144 zabaw\u0119 w prawdziw\u0105 jurajsk\u0105 przygod\u0119.<br \/>\nRealistyczny design dinozaura z czerwono-czarnymi detalami.<br \/>\nLED-owe oczy daj\u0105 spektakularny efekt w nocy.<\/p>\n","protected":false},"featured_media":18939,"comment_status":"closed","ping_status":"closed","template":"","meta":{"inline_featured_image":false},"product_brand":[],"product_cat":[27,24,15,35],"product_tag":[],"class_list":{"0":"post-18938","1":"product","2":"type-product","3":"status-publish","4":"has-post-thumbnail","6":"product_cat-home","7":"product_cat-sale","8":"product_cat-uncategorized","9":"product_cat-fun","11":"first","12":"instock","13":"sale","14":"taxable","15":"shipping-taxable","16":"purchasable","17":"product-type-simple"},"acf":[],"_links":{"self":[{"href":"https:\/\/linoexpress.com\/pl\/wp-json\/wp\/v2\/product\/18938","targetHints":{"allow":["GET"]}}],"collection":[{"href":"https:\/\/linoexpress.com\/pl\/wp-json\/wp\/v2\/product"}],"about":[{"href":"https:\/\/linoexpress.com\/pl\/wp-json\/wp\/v2\/types\/product"}],"replies":[{"embeddable":true,"href":"https:\/\/linoexpress.com\/pl\/wp-json\/wp\/v2\/comments?post=18938"}],"wp:featuredmedia":[{"embeddable":true,"href":"https:\/\/linoexpress.com\/pl\/wp-json\/wp\/v2\/media\/18939"}],"wp:attachment":[{"href":"https:\/\/linoexpress.com\/pl\/wp-json\/wp\/v2\/media?parent=18938"}],"wp:term":[{"taxonomy":"product_brand","embeddable":true,"href":"https:\/\/linoexpress.com\/pl\/wp-json\/wp\/v2\/product_brand?post=18938"},{"taxonomy":"product_cat","embeddable":true,"href":"https:\/\/linoexpress.com\/pl\/wp-json\/wp\/v2\/product_cat?post=18938"},{"taxonomy":"product_tag","embeddable":true,"href":"https:\/\/linoexpress.com\/pl\/wp-json\/wp\/v2\/product_tag?post=18938"}],"curies":[{"name":"wp","href":"https:\/\/api.w.org\/{rel}","templated":true}]}}