{"id":18960,"date":"2025-11-11T07:03:24","date_gmt":"2025-11-11T06:03:24","guid":{"rendered":"https:\/\/linoexpress.com\/pl\/produkt\/watest-product\/"},"modified":"2026-03-11T00:07:24","modified_gmt":"2026-03-10T23:07:24","slug":"tester-wody","status":"publish","type":"product","link":"https:\/\/linoexpress.com\/pl\/produkt\/tester-wody\/","title":{"rendered":"Tester wody"},"content":{"rendered":"","protected":false},"excerpt":{"rendered":"<p>Cyfrowy tester do szybkiego i precyzyjnego odczytu jako\u015bci wody.<br \/>\nWy\u015bwietla TDS, przewodno\u015b\u0107 i temperatur\u0119 w czasie rzeczywistym.<br \/>\nOdpowiedni do u\u017cytku domowego, upraw hydroponicznych i basen\u00f3w.<\/p>\n","protected":false},"featured_media":18961,"comment_status":"closed","ping_status":"closed","template":"","meta":{"inline_featured_image":false},"product_brand":[],"product_cat":[25,27,15,26],"product_tag":[],"class_list":{"0":"post-18960","1":"product","2":"type-product","3":"status-publish","4":"has-post-thumbnail","6":"product_cat-car","7":"product_cat-home","8":"product_cat-uncategorized","9":"product_cat-health","11":"first","12":"instock","13":"sale","14":"taxable","15":"shipping-taxable","16":"purchasable","17":"product-type-simple"},"acf":[],"_links":{"self":[{"href":"https:\/\/linoexpress.com\/pl\/wp-json\/wp\/v2\/product\/18960","targetHints":{"allow":["GET"]}}],"collection":[{"href":"https:\/\/linoexpress.com\/pl\/wp-json\/wp\/v2\/product"}],"about":[{"href":"https:\/\/linoexpress.com\/pl\/wp-json\/wp\/v2\/types\/product"}],"replies":[{"embeddable":true,"href":"https:\/\/linoexpress.com\/pl\/wp-json\/wp\/v2\/comments?post=18960"}],"wp:featuredmedia":[{"embeddable":true,"href":"https:\/\/linoexpress.com\/pl\/wp-json\/wp\/v2\/media\/18961"}],"wp:attachment":[{"href":"https:\/\/linoexpress.com\/pl\/wp-json\/wp\/v2\/media?parent=18960"}],"wp:term":[{"taxonomy":"product_brand","embeddable":true,"href":"https:\/\/linoexpress.com\/pl\/wp-json\/wp\/v2\/product_brand?post=18960"},{"taxonomy":"product_cat","embeddable":true,"href":"https:\/\/linoexpress.com\/pl\/wp-json\/wp\/v2\/product_cat?post=18960"},{"taxonomy":"product_tag","embeddable":true,"href":"https:\/\/linoexpress.com\/pl\/wp-json\/wp\/v2\/product_tag?post=18960"}],"curies":[{"name":"wp","href":"https:\/\/api.w.org\/{rel}","templated":true}]}}