{"id":18987,"date":"2025-11-12T11:47:45","date_gmt":"2025-11-12T10:47:45","guid":{"rendered":"https:\/\/linoexpress.com\/pl\/produkt\/ulrep-product\/"},"modified":"2025-11-19T09:42:28","modified_gmt":"2025-11-19T08:42:28","slug":"ultradzwiekowa-ochrona-przed-gryzoniami","status":"publish","type":"product","link":"https:\/\/linoexpress.com\/pl\/produkt\/ultradzwiekowa-ochrona-przed-gryzoniami\/","title":{"rendered":"Ultrad\u017awi\u0119kowa ochrona przed gryzoniami"},"content":{"rendered":"","protected":false},"excerpt":{"rendered":"<p>Elektroniczne urz\u0105dzenie, kt\u00f3re odstrasza myszy i inne gryzonie za pomoc\u0105 fal d\u017awi\u0119kowych o wysokiej cz\u0119stotliwo\u015bci.<br \/>\nNies\u0142yszalne dla ludzkiego ucha, wywo\u0142uje dyskomfort i odraz\u0119 u gryzoni.<br \/>\nJest \u0142atwe w u\u017cyciu i bezpieczne dla ludzi i zwierz\u0105t domowych.<\/p>\n","protected":false},"featured_media":18988,"comment_status":"closed","ping_status":"closed","template":"","meta":{"inline_featured_image":false},"product_brand":[],"product_cat":[27,24,15,35,26],"product_tag":[],"class_list":{"0":"post-18987","1":"product","2":"type-product","3":"status-publish","4":"has-post-thumbnail","6":"product_cat-home","7":"product_cat-sale","8":"product_cat-uncategorized","9":"product_cat-fun","10":"product_cat-health","12":"first","13":"instock","14":"sale","15":"taxable","16":"shipping-taxable","17":"purchasable","18":"product-type-simple"},"acf":[],"_links":{"self":[{"href":"https:\/\/linoexpress.com\/pl\/wp-json\/wp\/v2\/product\/18987","targetHints":{"allow":["GET"]}}],"collection":[{"href":"https:\/\/linoexpress.com\/pl\/wp-json\/wp\/v2\/product"}],"about":[{"href":"https:\/\/linoexpress.com\/pl\/wp-json\/wp\/v2\/types\/product"}],"replies":[{"embeddable":true,"href":"https:\/\/linoexpress.com\/pl\/wp-json\/wp\/v2\/comments?post=18987"}],"wp:featuredmedia":[{"embeddable":true,"href":"https:\/\/linoexpress.com\/pl\/wp-json\/wp\/v2\/media\/18988"}],"wp:attachment":[{"href":"https:\/\/linoexpress.com\/pl\/wp-json\/wp\/v2\/media?parent=18987"}],"wp:term":[{"taxonomy":"product_brand","embeddable":true,"href":"https:\/\/linoexpress.com\/pl\/wp-json\/wp\/v2\/product_brand?post=18987"},{"taxonomy":"product_cat","embeddable":true,"href":"https:\/\/linoexpress.com\/pl\/wp-json\/wp\/v2\/product_cat?post=18987"},{"taxonomy":"product_tag","embeddable":true,"href":"https:\/\/linoexpress.com\/pl\/wp-json\/wp\/v2\/product_tag?post=18987"}],"curies":[{"name":"wp","href":"https:\/\/api.w.org\/{rel}","templated":true}]}}