{"id":19013,"date":"2025-11-13T17:04:15","date_gmt":"2025-11-13T16:04:15","guid":{"rendered":"https:\/\/linoexpress.com\/pl\/produkt\/zp20-product\/"},"modified":"2026-03-11T00:00:06","modified_gmt":"2026-03-10T23:00:06","slug":"turbo-podwojna-ladowarka-scienna-20w","status":"publish","type":"product","link":"https:\/\/linoexpress.com\/pl\/produkt\/turbo-podwojna-ladowarka-scienna-20w\/","title":{"rendered":"Turbo podw\u00f3jna \u0142adowarka \u015bcienna 20W"},"content":{"rendered":"","protected":false},"excerpt":{"rendered":"<p>Szybko na\u0142aduj wszystkie swoje urz\u0105dzenia za pomoc\u0105 Turbo podw\u00f3jnej \u0142adowarki \u015bciennej 20W. Kompaktowa, niezawodna i inteligentna \u2013 ta \u0142adowarka wykorzystuje zaawansowan\u0105 technologi\u0119 do szybkiego i bezpiecznego \u0142adowania telefon\u00f3w, tablet\u00f3w, konsol i innych urz\u0105dze\u0144. Wbudowany zwijany kabel i wielowarstwowa ochrona czyni\u0105 j\u0105 praktyczn\u0105 na ka\u017cd\u0105 okazj\u0119: w domu, w pracy lub w podr\u00f3\u017cy.<\/p>\n","protected":false},"featured_media":19015,"comment_status":"closed","ping_status":"closed","template":"","meta":{"inline_featured_image":false},"product_brand":[],"product_cat":[27,15,35],"product_tag":[],"class_list":{"0":"post-19013","1":"product","2":"type-product","3":"status-publish","4":"has-post-thumbnail","6":"product_cat-home","7":"product_cat-uncategorized","8":"product_cat-fun","10":"first","11":"instock","12":"sale","13":"taxable","14":"shipping-taxable","15":"purchasable","16":"product-type-simple"},"acf":[],"_links":{"self":[{"href":"https:\/\/linoexpress.com\/pl\/wp-json\/wp\/v2\/product\/19013","targetHints":{"allow":["GET"]}}],"collection":[{"href":"https:\/\/linoexpress.com\/pl\/wp-json\/wp\/v2\/product"}],"about":[{"href":"https:\/\/linoexpress.com\/pl\/wp-json\/wp\/v2\/types\/product"}],"replies":[{"embeddable":true,"href":"https:\/\/linoexpress.com\/pl\/wp-json\/wp\/v2\/comments?post=19013"}],"wp:featuredmedia":[{"embeddable":true,"href":"https:\/\/linoexpress.com\/pl\/wp-json\/wp\/v2\/media\/19015"}],"wp:attachment":[{"href":"https:\/\/linoexpress.com\/pl\/wp-json\/wp\/v2\/media?parent=19013"}],"wp:term":[{"taxonomy":"product_brand","embeddable":true,"href":"https:\/\/linoexpress.com\/pl\/wp-json\/wp\/v2\/product_brand?post=19013"},{"taxonomy":"product_cat","embeddable":true,"href":"https:\/\/linoexpress.com\/pl\/wp-json\/wp\/v2\/product_cat?post=19013"},{"taxonomy":"product_tag","embeddable":true,"href":"https:\/\/linoexpress.com\/pl\/wp-json\/wp\/v2\/product_tag?post=19013"}],"curies":[{"name":"wp","href":"https:\/\/api.w.org\/{rel}","templated":true}]}}