{"id":19078,"date":"2025-11-17T14:01:50","date_gmt":"2025-11-17T13:01:50","guid":{"rendered":"https:\/\/linoexpress.com\/pl\/produkt\/belt-product\/"},"modified":"2026-03-10T23:58:42","modified_gmt":"2026-03-10T22:58:42","slug":"belt-product","status":"publish","type":"product","link":"https:\/\/linoexpress.com\/pl\/produkt\/belt-product\/","title":{"rendered":"Pas do prawid\u0142owej postawy"},"content":{"rendered":"","protected":false},"excerpt":{"rendered":"<p>Wyprostuj swoj\u0105 postaw\u0119 i odci\u0105\u017c plecy dzi\u0119ki wygodzie lekkiego i przewiewnego pasa. Idealny do codziennego u\u017cytku, podczas pracy, jazdy lub ruchu. Dyskretny, praktyczny i dopasowuj\u0105cy si\u0119, zapewnia wsparcie bez ograniczania ruch\u00f3w.<\/p>\n","protected":false},"featured_media":19079,"comment_status":"closed","ping_status":"closed","template":"","meta":{"inline_featured_image":false},"product_brand":[],"product_cat":[15],"product_tag":[],"class_list":{"0":"post-19078","1":"product","2":"type-product","3":"status-publish","4":"has-post-thumbnail","6":"product_cat-uncategorized","8":"first","9":"instock","10":"sale","11":"taxable","12":"shipping-taxable","13":"purchasable","14":"product-type-simple"},"acf":[],"_links":{"self":[{"href":"https:\/\/linoexpress.com\/pl\/wp-json\/wp\/v2\/product\/19078","targetHints":{"allow":["GET"]}}],"collection":[{"href":"https:\/\/linoexpress.com\/pl\/wp-json\/wp\/v2\/product"}],"about":[{"href":"https:\/\/linoexpress.com\/pl\/wp-json\/wp\/v2\/types\/product"}],"replies":[{"embeddable":true,"href":"https:\/\/linoexpress.com\/pl\/wp-json\/wp\/v2\/comments?post=19078"}],"wp:featuredmedia":[{"embeddable":true,"href":"https:\/\/linoexpress.com\/pl\/wp-json\/wp\/v2\/media\/19079"}],"wp:attachment":[{"href":"https:\/\/linoexpress.com\/pl\/wp-json\/wp\/v2\/media?parent=19078"}],"wp:term":[{"taxonomy":"product_brand","embeddable":true,"href":"https:\/\/linoexpress.com\/pl\/wp-json\/wp\/v2\/product_brand?post=19078"},{"taxonomy":"product_cat","embeddable":true,"href":"https:\/\/linoexpress.com\/pl\/wp-json\/wp\/v2\/product_cat?post=19078"},{"taxonomy":"product_tag","embeddable":true,"href":"https:\/\/linoexpress.com\/pl\/wp-json\/wp\/v2\/product_tag?post=19078"}],"curies":[{"name":"wp","href":"https:\/\/api.w.org\/{rel}","templated":true}]}}