{"id":19418,"date":"2025-12-10T06:41:32","date_gmt":"2025-12-10T05:41:32","guid":{"rendered":"https:\/\/linoexpress.com\/pl\/produkt\/sn-mask-product\/"},"modified":"2026-03-10T23:55:56","modified_gmt":"2026-03-10T22:55:56","slug":"maska-snieznego-ninja","status":"publish","type":"product","link":"https:\/\/linoexpress.com\/pl\/produkt\/maska-snieznego-ninja\/","title":{"rendered":"Maska \u015anie\u017cnego Ninja"},"content":{"rendered":"","protected":false},"excerpt":{"rendered":"<p>\u015anie\u017cna Ninja maska to tw\u00f3j niezast\u0105piony sojusznik na stokach! \u0141\u0105czy ochron\u0119, komfort i styl w jednym. Ta wielofunkcyjna maska jest wyposa\u017cona w odpinan\u0105 mask\u0119 na twarz i okulary przeciwmgielne, kt\u00f3re zapewniaj\u0105 wyra\u017an\u0105 widoczno\u015b\u0107 i pe\u0142n\u0105 ochron\u0119 przed wiatrem, \u015bniegiem i promieniami UV. Idealna do jazdy na nartach, snowboardzie lub ka\u017cdej zimowej przygody!<\/p>\n","protected":false},"featured_media":19419,"comment_status":"closed","ping_status":"closed","template":"","meta":{"inline_featured_image":false},"product_brand":[],"product_cat":[24,15,35],"product_tag":[],"class_list":{"0":"post-19418","1":"product","2":"type-product","3":"status-publish","4":"has-post-thumbnail","6":"product_cat-sale","7":"product_cat-uncategorized","8":"product_cat-fun","10":"first","11":"instock","12":"sale","13":"taxable","14":"shipping-taxable","15":"purchasable","16":"product-type-simple"},"acf":[],"_links":{"self":[{"href":"https:\/\/linoexpress.com\/pl\/wp-json\/wp\/v2\/product\/19418","targetHints":{"allow":["GET"]}}],"collection":[{"href":"https:\/\/linoexpress.com\/pl\/wp-json\/wp\/v2\/product"}],"about":[{"href":"https:\/\/linoexpress.com\/pl\/wp-json\/wp\/v2\/types\/product"}],"replies":[{"embeddable":true,"href":"https:\/\/linoexpress.com\/pl\/wp-json\/wp\/v2\/comments?post=19418"}],"wp:featuredmedia":[{"embeddable":true,"href":"https:\/\/linoexpress.com\/pl\/wp-json\/wp\/v2\/media\/19419"}],"wp:attachment":[{"href":"https:\/\/linoexpress.com\/pl\/wp-json\/wp\/v2\/media?parent=19418"}],"wp:term":[{"taxonomy":"product_brand","embeddable":true,"href":"https:\/\/linoexpress.com\/pl\/wp-json\/wp\/v2\/product_brand?post=19418"},{"taxonomy":"product_cat","embeddable":true,"href":"https:\/\/linoexpress.com\/pl\/wp-json\/wp\/v2\/product_cat?post=19418"},{"taxonomy":"product_tag","embeddable":true,"href":"https:\/\/linoexpress.com\/pl\/wp-json\/wp\/v2\/product_tag?post=19418"}],"curies":[{"name":"wp","href":"https:\/\/api.w.org\/{rel}","templated":true}]}}