{"id":19803,"date":"2026-01-04T02:48:30","date_gmt":"2026-01-04T01:48:30","guid":{"rendered":"https:\/\/linoexpress.com\/pl\/produkt\/autovariacija-product\/"},"modified":"2026-01-04T10:02:27","modified_gmt":"2026-01-04T09:02:27","slug":"karting-dzieciecy-samochod-2-w-1","status":"publish","type":"product","link":"https:\/\/linoexpress.com\/pl\/produkt\/karting-dzieciecy-samochod-2-w-1\/","title":{"rendered":"Karting dzieci\u0119cy &#8211; samoch\u00f3d 2 w 1"},"content":{"rendered":"","protected":false},"excerpt":{"rendered":"<p>Ten wielofunkcyjny pojazd dzieci\u0119cy zapewnia podw\u00f3jn\u0105 zabaw\u0119 &#8211; jazd\u0119 r\u0119czn\u0105 i elektryczn\u0105! Idealny do zabawy zar\u00f3wno w domu, jak i na zewn\u0105trz, jest lekki, sk\u0142adany i \u0142atwy w obs\u0142udze. Stabilna konstrukcja i funkcje bezpiecze\u0144stwa zapewniaj\u0105 dzieciom beztrosk\u0105 i ekscytuj\u0105c\u0105 jazd\u0119.<\/p>\n","protected":false},"featured_media":19804,"comment_status":"closed","ping_status":"closed","template":"","meta":{"inline_featured_image":false},"product_brand":[],"product_cat":[24,15,35],"product_tag":[],"class_list":{"0":"post-19803","1":"product","2":"type-product","3":"status-publish","4":"has-post-thumbnail","6":"product_cat-sale","7":"product_cat-uncategorized","8":"product_cat-fun","10":"first","11":"instock","12":"sale","13":"taxable","14":"shipping-taxable","15":"purchasable","16":"product-type-variable"},"acf":[],"_links":{"self":[{"href":"https:\/\/linoexpress.com\/pl\/wp-json\/wp\/v2\/product\/19803","targetHints":{"allow":["GET"]}}],"collection":[{"href":"https:\/\/linoexpress.com\/pl\/wp-json\/wp\/v2\/product"}],"about":[{"href":"https:\/\/linoexpress.com\/pl\/wp-json\/wp\/v2\/types\/product"}],"replies":[{"embeddable":true,"href":"https:\/\/linoexpress.com\/pl\/wp-json\/wp\/v2\/comments?post=19803"}],"wp:featuredmedia":[{"embeddable":true,"href":"https:\/\/linoexpress.com\/pl\/wp-json\/wp\/v2\/media\/19804"}],"wp:attachment":[{"href":"https:\/\/linoexpress.com\/pl\/wp-json\/wp\/v2\/media?parent=19803"}],"wp:term":[{"taxonomy":"product_brand","embeddable":true,"href":"https:\/\/linoexpress.com\/pl\/wp-json\/wp\/v2\/product_brand?post=19803"},{"taxonomy":"product_cat","embeddable":true,"href":"https:\/\/linoexpress.com\/pl\/wp-json\/wp\/v2\/product_cat?post=19803"},{"taxonomy":"product_tag","embeddable":true,"href":"https:\/\/linoexpress.com\/pl\/wp-json\/wp\/v2\/product_tag?post=19803"}],"curies":[{"name":"wp","href":"https:\/\/api.w.org\/{rel}","templated":true}]}}