{"id":19823,"date":"2026-01-04T20:14:02","date_gmt":"2026-01-04T19:14:02","guid":{"rendered":"https:\/\/linoexpress.com\/pl\/produkt\/catch-product\/"},"modified":"2026-03-10T23:54:18","modified_gmt":"2026-03-10T22:54:18","slug":"humana-wielokrotna-pulapka-na-gryzonie","status":"publish","type":"product","link":"https:\/\/linoexpress.com\/pl\/produkt\/humana-wielokrotna-pulapka-na-gryzonie\/","title":{"rendered":"Humana wielokrotna pu\u0142apka na gryzonie"},"content":{"rendered":"","protected":false},"excerpt":{"rendered":"<p>Humanitarna wielokrotna pu\u0142apka na gryzonie umo\u017cliwia bezpieczne chwytanie myszy i innych ma\u0142ych gryzoni bez ranienia i zabijania. Wykonana jest z wysokiej jako\u015bci ocynkowanej stali, nadaje si\u0119 do u\u017cytku wewn\u0119trznego i zewn\u0119trznego. Jest to idealne rozwi\u0105zanie dla wszystkich, kt\u00f3rzy pragn\u0105 skutecznej, etycznej i d\u0142ugotrwa\u0142ej kontroli gryzoni.<\/p>\n","protected":false},"featured_media":19824,"comment_status":"closed","ping_status":"closed","template":"","meta":{"inline_featured_image":false},"product_brand":[],"product_cat":[27,24,15,35],"product_tag":[],"class_list":{"0":"post-19823","1":"product","2":"type-product","3":"status-publish","4":"has-post-thumbnail","6":"product_cat-home","7":"product_cat-sale","8":"product_cat-uncategorized","9":"product_cat-fun","11":"first","12":"instock","13":"sale","14":"taxable","15":"shipping-taxable","16":"purchasable","17":"product-type-simple"},"acf":[],"_links":{"self":[{"href":"https:\/\/linoexpress.com\/pl\/wp-json\/wp\/v2\/product\/19823","targetHints":{"allow":["GET"]}}],"collection":[{"href":"https:\/\/linoexpress.com\/pl\/wp-json\/wp\/v2\/product"}],"about":[{"href":"https:\/\/linoexpress.com\/pl\/wp-json\/wp\/v2\/types\/product"}],"replies":[{"embeddable":true,"href":"https:\/\/linoexpress.com\/pl\/wp-json\/wp\/v2\/comments?post=19823"}],"wp:featuredmedia":[{"embeddable":true,"href":"https:\/\/linoexpress.com\/pl\/wp-json\/wp\/v2\/media\/19824"}],"wp:attachment":[{"href":"https:\/\/linoexpress.com\/pl\/wp-json\/wp\/v2\/media?parent=19823"}],"wp:term":[{"taxonomy":"product_brand","embeddable":true,"href":"https:\/\/linoexpress.com\/pl\/wp-json\/wp\/v2\/product_brand?post=19823"},{"taxonomy":"product_cat","embeddable":true,"href":"https:\/\/linoexpress.com\/pl\/wp-json\/wp\/v2\/product_cat?post=19823"},{"taxonomy":"product_tag","embeddable":true,"href":"https:\/\/linoexpress.com\/pl\/wp-json\/wp\/v2\/product_tag?post=19823"}],"curies":[{"name":"wp","href":"https:\/\/api.w.org\/{rel}","templated":true}]}}