{"id":19840,"date":"2026-01-04T23:02:18","date_gmt":"2026-01-04T22:02:18","guid":{"rendered":"https:\/\/linoexpress.com\/pl\/produkt\/cat135-product\/"},"modified":"2026-03-10T23:53:38","modified_gmt":"2026-03-10T22:53:38","slug":"kocia-artystyczna-ukladanka-zestaw-z-135-drewnianych-elementow","status":"publish","type":"product","link":"https:\/\/linoexpress.com\/pl\/produkt\/kocia-artystyczna-ukladanka-zestaw-z-135-drewnianych-elementow\/","title":{"rendered":"Kocia artystyczna uk\u0142adanka \u2013 zestaw z 135 drewnianych element\u00f3w"},"content":{"rendered":"","protected":false},"excerpt":{"rendered":"<p>Kocia artystyczna uk\u0142adanka z 135 drewnianych element\u00f3w przynosi delikatne pastelowe odcienie i unikalny kszta\u0142t kota, kt\u00f3ry zapewnia wyj\u0105tkowe do\u015bwiadczenie uk\u0142adania. Ka\u017cdy element ma inny kszta\u0142t, co sprawia, \u017ce uk\u0142adanie jest interesuj\u0105ce, wymagaj\u0105ce i relaksuj\u0105ce jednocze\u015bnie. Po z\u0142o\u017ceniu, uk\u0142adanka staje si\u0119 dekoracyjnym detalem, kt\u00f3ry wnosi ciep\u0142o do przestrzeni.<\/p>\n","protected":false},"featured_media":19841,"comment_status":"closed","ping_status":"closed","template":"","meta":{"inline_featured_image":false},"product_brand":[],"product_cat":[27,15,35],"product_tag":[],"class_list":{"0":"post-19840","1":"product","2":"type-product","3":"status-publish","4":"has-post-thumbnail","6":"product_cat-home","7":"product_cat-uncategorized","8":"product_cat-fun","10":"first","11":"instock","12":"sale","13":"taxable","14":"shipping-taxable","15":"purchasable","16":"product-type-simple"},"acf":[],"_links":{"self":[{"href":"https:\/\/linoexpress.com\/pl\/wp-json\/wp\/v2\/product\/19840","targetHints":{"allow":["GET"]}}],"collection":[{"href":"https:\/\/linoexpress.com\/pl\/wp-json\/wp\/v2\/product"}],"about":[{"href":"https:\/\/linoexpress.com\/pl\/wp-json\/wp\/v2\/types\/product"}],"replies":[{"embeddable":true,"href":"https:\/\/linoexpress.com\/pl\/wp-json\/wp\/v2\/comments?post=19840"}],"wp:featuredmedia":[{"embeddable":true,"href":"https:\/\/linoexpress.com\/pl\/wp-json\/wp\/v2\/media\/19841"}],"wp:attachment":[{"href":"https:\/\/linoexpress.com\/pl\/wp-json\/wp\/v2\/media?parent=19840"}],"wp:term":[{"taxonomy":"product_brand","embeddable":true,"href":"https:\/\/linoexpress.com\/pl\/wp-json\/wp\/v2\/product_brand?post=19840"},{"taxonomy":"product_cat","embeddable":true,"href":"https:\/\/linoexpress.com\/pl\/wp-json\/wp\/v2\/product_cat?post=19840"},{"taxonomy":"product_tag","embeddable":true,"href":"https:\/\/linoexpress.com\/pl\/wp-json\/wp\/v2\/product_tag?post=19840"}],"curies":[{"name":"wp","href":"https:\/\/api.w.org\/{rel}","templated":true}]}}