{"id":19975,"date":"2026-01-19T11:21:15","date_gmt":"2026-01-19T10:21:15","guid":{"rendered":"https:\/\/linoexpress.com\/pl\/produkt\/batpmp-product\/"},"modified":"2026-03-10T23:51:37","modified_gmt":"2026-03-10T22:51:37","slug":"przenosny-waz-z-pompa","status":"publish","type":"product","link":"https:\/\/linoexpress.com\/pl\/produkt\/przenosny-waz-z-pompa\/","title":{"rendered":"Przeno\u015bny w\u0105\u017c z pomp\u0105"},"content":{"rendered":"","protected":false},"excerpt":{"rendered":"<p>Przeno\u015bna pompka bateryjna umo\u017cliwia szybkie, czyste i bezpieczne przetaczanie cieczy bez ci\u0119\u017ckiego podnoszenia. Dzia\u0142a na baterie i jest \u0142atwa w u\u017cyciu jedn\u0105 r\u0119k\u0105, co czyni j\u0105 idealn\u0105 do paliwa, wody i innych cieczy. Jest doskona\u0142a do u\u017cytku domowego, profesjonalnego i awaryjnego.<\/p>\n","protected":false},"featured_media":19976,"comment_status":"closed","ping_status":"closed","template":"","meta":{"inline_featured_image":false},"product_brand":[],"product_cat":[27,15],"product_tag":[],"class_list":{"0":"post-19975","1":"product","2":"type-product","3":"status-publish","4":"has-post-thumbnail","6":"product_cat-home","7":"product_cat-uncategorized","9":"first","10":"instock","11":"sale","12":"taxable","13":"shipping-taxable","14":"purchasable","15":"product-type-simple"},"acf":[],"_links":{"self":[{"href":"https:\/\/linoexpress.com\/pl\/wp-json\/wp\/v2\/product\/19975","targetHints":{"allow":["GET"]}}],"collection":[{"href":"https:\/\/linoexpress.com\/pl\/wp-json\/wp\/v2\/product"}],"about":[{"href":"https:\/\/linoexpress.com\/pl\/wp-json\/wp\/v2\/types\/product"}],"replies":[{"embeddable":true,"href":"https:\/\/linoexpress.com\/pl\/wp-json\/wp\/v2\/comments?post=19975"}],"wp:featuredmedia":[{"embeddable":true,"href":"https:\/\/linoexpress.com\/pl\/wp-json\/wp\/v2\/media\/19976"}],"wp:attachment":[{"href":"https:\/\/linoexpress.com\/pl\/wp-json\/wp\/v2\/media?parent=19975"}],"wp:term":[{"taxonomy":"product_brand","embeddable":true,"href":"https:\/\/linoexpress.com\/pl\/wp-json\/wp\/v2\/product_brand?post=19975"},{"taxonomy":"product_cat","embeddable":true,"href":"https:\/\/linoexpress.com\/pl\/wp-json\/wp\/v2\/product_cat?post=19975"},{"taxonomy":"product_tag","embeddable":true,"href":"https:\/\/linoexpress.com\/pl\/wp-json\/wp\/v2\/product_tag?post=19975"}],"curies":[{"name":"wp","href":"https:\/\/api.w.org\/{rel}","templated":true}]}}