{"id":19986,"date":"2026-01-19T12:10:36","date_gmt":"2026-01-19T11:10:36","guid":{"rendered":"https:\/\/linoexpress.com\/pl\/produkt\/hood-product\/"},"modified":"2026-03-10T23:51:10","modified_gmt":"2026-03-10T22:51:10","slug":"wielofunkcyjny-mocny-wentylator","status":"publish","type":"product","link":"https:\/\/linoexpress.com\/pl\/produkt\/wielofunkcyjny-mocny-wentylator\/","title":{"rendered":"Wielofunkcyjny mocny wentylator"},"content":{"rendered":"","protected":false},"excerpt":{"rendered":"<p>Ten wielofunkcyjny wentylator wyci\u0105gowy zapewnia silny przep\u0142yw powietrza przy wyj\u0105tkowo cichej pracy. Skutecznie usuwa wilgo\u0107, zapachy i dym, poprawiaj\u0105c jako\u015b\u0107 powietrza w ka\u017cdym pomieszczeniu. Idealny do kuchni, \u0142azienek, biur i obiekt\u00f3w komercyjnych.<\/p>\n","protected":false},"featured_media":19987,"comment_status":"closed","ping_status":"closed","template":"","meta":{"inline_featured_image":false},"product_brand":[],"product_cat":[27,24,15],"product_tag":[],"class_list":{"0":"post-19986","1":"product","2":"type-product","3":"status-publish","4":"has-post-thumbnail","6":"product_cat-home","7":"product_cat-sale","8":"product_cat-uncategorized","10":"first","11":"instock","12":"sale","13":"taxable","14":"shipping-taxable","15":"purchasable","16":"product-type-simple"},"acf":[],"_links":{"self":[{"href":"https:\/\/linoexpress.com\/pl\/wp-json\/wp\/v2\/product\/19986","targetHints":{"allow":["GET"]}}],"collection":[{"href":"https:\/\/linoexpress.com\/pl\/wp-json\/wp\/v2\/product"}],"about":[{"href":"https:\/\/linoexpress.com\/pl\/wp-json\/wp\/v2\/types\/product"}],"replies":[{"embeddable":true,"href":"https:\/\/linoexpress.com\/pl\/wp-json\/wp\/v2\/comments?post=19986"}],"wp:featuredmedia":[{"embeddable":true,"href":"https:\/\/linoexpress.com\/pl\/wp-json\/wp\/v2\/media\/19987"}],"wp:attachment":[{"href":"https:\/\/linoexpress.com\/pl\/wp-json\/wp\/v2\/media?parent=19986"}],"wp:term":[{"taxonomy":"product_brand","embeddable":true,"href":"https:\/\/linoexpress.com\/pl\/wp-json\/wp\/v2\/product_brand?post=19986"},{"taxonomy":"product_cat","embeddable":true,"href":"https:\/\/linoexpress.com\/pl\/wp-json\/wp\/v2\/product_cat?post=19986"},{"taxonomy":"product_tag","embeddable":true,"href":"https:\/\/linoexpress.com\/pl\/wp-json\/wp\/v2\/product_tag?post=19986"}],"curies":[{"name":"wp","href":"https:\/\/api.w.org\/{rel}","templated":true}]}}