{"id":19999,"date":"2026-01-19T21:22:35","date_gmt":"2026-01-19T20:22:35","guid":{"rendered":"https:\/\/linoexpress.com\/pl\/produkt\/pants-product\/"},"modified":"2026-03-10T23:50:59","modified_gmt":"2026-03-10T22:50:59","slug":"szalona-gra-podworkowa-granny-pants","status":"publish","type":"product","link":"https:\/\/linoexpress.com\/pl\/produkt\/szalona-gra-podworkowa-granny-pants\/","title":{"rendered":"Szalona gra podw\u00f3rkowa &#8211; Granny Pants"},"content":{"rendered":"","protected":false},"excerpt":{"rendered":"<p>Wejd\u017a w niezapomnian\u0105 zabaw\u0119 z Granny Pants, szalon\u0105 gr\u0105 podw\u00f3rkow\u0105, kt\u00f3ra gwarantuje \u015bmiech, ruch i integracj\u0119 dla ca\u0142ej rodziny i przyjaci\u00f3\u0142. Idealna na podw\u00f3rka, grille, urodziny, zaj\u0119cia szkolne i wydarzenia integracyjne. \u0141atwa do ustawienia, uniwersalnego rozmiaru i dostosowana do wszystkich grup wiekowych, szybko staje si\u0119 g\u0142\u00f3wn\u0105 atrakcj\u0105 ka\u017cdego spotkania.<\/p>\n","protected":false},"featured_media":20000,"comment_status":"closed","ping_status":"closed","template":"","meta":{"inline_featured_image":false},"product_brand":[],"product_cat":[27,24,15,35],"product_tag":[],"class_list":{"0":"post-19999","1":"product","2":"type-product","3":"status-publish","4":"has-post-thumbnail","6":"product_cat-home","7":"product_cat-sale","8":"product_cat-uncategorized","9":"product_cat-fun","11":"first","12":"instock","13":"sale","14":"taxable","15":"shipping-taxable","16":"purchasable","17":"product-type-simple"},"acf":[],"_links":{"self":[{"href":"https:\/\/linoexpress.com\/pl\/wp-json\/wp\/v2\/product\/19999","targetHints":{"allow":["GET"]}}],"collection":[{"href":"https:\/\/linoexpress.com\/pl\/wp-json\/wp\/v2\/product"}],"about":[{"href":"https:\/\/linoexpress.com\/pl\/wp-json\/wp\/v2\/types\/product"}],"replies":[{"embeddable":true,"href":"https:\/\/linoexpress.com\/pl\/wp-json\/wp\/v2\/comments?post=19999"}],"wp:featuredmedia":[{"embeddable":true,"href":"https:\/\/linoexpress.com\/pl\/wp-json\/wp\/v2\/media\/20000"}],"wp:attachment":[{"href":"https:\/\/linoexpress.com\/pl\/wp-json\/wp\/v2\/media?parent=19999"}],"wp:term":[{"taxonomy":"product_brand","embeddable":true,"href":"https:\/\/linoexpress.com\/pl\/wp-json\/wp\/v2\/product_brand?post=19999"},{"taxonomy":"product_cat","embeddable":true,"href":"https:\/\/linoexpress.com\/pl\/wp-json\/wp\/v2\/product_cat?post=19999"},{"taxonomy":"product_tag","embeddable":true,"href":"https:\/\/linoexpress.com\/pl\/wp-json\/wp\/v2\/product_tag?post=19999"}],"curies":[{"name":"wp","href":"https:\/\/api.w.org\/{rel}","templated":true}]}}