{"id":20014,"date":"2026-01-19T23:20:39","date_gmt":"2026-01-19T22:20:39","guid":{"rendered":"https:\/\/linoexpress.com\/pl\/produkt\/bref-product\/"},"modified":"2026-03-10T23:50:19","modified_gmt":"2026-03-10T22:50:19","slug":"pilka-refleksyjna-do-cwiczenia-szybkosci-i-koordynacji","status":"publish","type":"product","link":"https:\/\/linoexpress.com\/pl\/produkt\/pilka-refleksyjna-do-cwiczenia-szybkosci-i-koordynacji\/","title":{"rendered":"Pi\u0142ka refleksyjna do \u0107wiczenia szybko\u015bci i koordynacji"},"content":{"rendered":"","protected":false},"excerpt":{"rendered":"<p>Refleksna pi\u0142ka bokserska to praktyczny przyrz\u0105d treningowy do poprawy szybko\u015bci, koncentracji i koordynacji r\u0119ka &#8211; oko. Idealna dla bokser\u00f3w, sportowc\u00f3w i amator\u00f3w w ka\u017cdym wieku, a tak\u017ce do \u0107wicze\u0144 w domu. Lekka, regulowana i \u0142atwa w u\u017cyciu, umo\u017cliwia efektywny trening gdziekolwiek jeste\u015b.<\/p>\n","protected":false},"featured_media":20015,"comment_status":"closed","ping_status":"closed","template":"","meta":{"inline_featured_image":false},"product_brand":[],"product_cat":[27,15,35],"product_tag":[],"class_list":{"0":"post-20014","1":"product","2":"type-product","3":"status-publish","4":"has-post-thumbnail","6":"product_cat-home","7":"product_cat-uncategorized","8":"product_cat-fun","10":"first","11":"instock","12":"sale","13":"taxable","14":"shipping-taxable","15":"purchasable","16":"product-type-simple"},"acf":[],"_links":{"self":[{"href":"https:\/\/linoexpress.com\/pl\/wp-json\/wp\/v2\/product\/20014","targetHints":{"allow":["GET"]}}],"collection":[{"href":"https:\/\/linoexpress.com\/pl\/wp-json\/wp\/v2\/product"}],"about":[{"href":"https:\/\/linoexpress.com\/pl\/wp-json\/wp\/v2\/types\/product"}],"replies":[{"embeddable":true,"href":"https:\/\/linoexpress.com\/pl\/wp-json\/wp\/v2\/comments?post=20014"}],"wp:featuredmedia":[{"embeddable":true,"href":"https:\/\/linoexpress.com\/pl\/wp-json\/wp\/v2\/media\/20015"}],"wp:attachment":[{"href":"https:\/\/linoexpress.com\/pl\/wp-json\/wp\/v2\/media?parent=20014"}],"wp:term":[{"taxonomy":"product_brand","embeddable":true,"href":"https:\/\/linoexpress.com\/pl\/wp-json\/wp\/v2\/product_brand?post=20014"},{"taxonomy":"product_cat","embeddable":true,"href":"https:\/\/linoexpress.com\/pl\/wp-json\/wp\/v2\/product_cat?post=20014"},{"taxonomy":"product_tag","embeddable":true,"href":"https:\/\/linoexpress.com\/pl\/wp-json\/wp\/v2\/product_tag?post=20014"}],"curies":[{"name":"wp","href":"https:\/\/api.w.org\/{rel}","templated":true}]}}