{"id":20048,"date":"2026-01-21T21:13:30","date_gmt":"2026-01-21T20:13:30","guid":{"rendered":"https:\/\/linoexpress.com\/pl\/produkt\/catty-product\/"},"modified":"2026-04-18T11:33:42","modified_gmt":"2026-04-18T09:33:42","slug":"uroczy-robotyczny-kot-interaktywny-zwierzak","status":"publish","type":"product","link":"https:\/\/linoexpress.com\/pl\/produkt\/uroczy-robotyczny-kot-interaktywny-zwierzak\/","title":{"rendered":"Uroczy robotyczny kot &#8211; Interaktywny zwierzak"},"content":{"rendered":"","protected":false},"excerpt":{"rendered":"<p>Ta realistyczna robotyczna kotka chodzi, miauczy i mruczy jak prawdziwa, daj\u0105c dzieciom poczucie prawdziwego zwierzaka domowego. Wykonana jest z mi\u0119kkiego, przyjemnego materia\u0142u, kt\u00f3ry jest bezpieczny do zabawy i przytulania. Idealna do rozwijania wyobra\u017ani, towarzystwa i d\u0142ugotrwa\u0142ej zabawy bez obowi\u0105zku opieki nad prawdziwym zwierz\u0119ciem.<\/p>\n","protected":false},"featured_media":20049,"comment_status":"closed","ping_status":"closed","template":"","meta":{"inline_featured_image":false},"product_brand":[],"product_cat":[27,15,35],"product_tag":[],"class_list":{"0":"post-20048","1":"product","2":"type-product","3":"status-publish","4":"has-post-thumbnail","6":"product_cat-home","7":"product_cat-uncategorized","8":"product_cat-fun","10":"first","11":"instock","12":"sale","13":"taxable","14":"shipping-taxable","15":"purchasable","16":"product-type-simple"},"acf":[],"_links":{"self":[{"href":"https:\/\/linoexpress.com\/pl\/wp-json\/wp\/v2\/product\/20048","targetHints":{"allow":["GET"]}}],"collection":[{"href":"https:\/\/linoexpress.com\/pl\/wp-json\/wp\/v2\/product"}],"about":[{"href":"https:\/\/linoexpress.com\/pl\/wp-json\/wp\/v2\/types\/product"}],"replies":[{"embeddable":true,"href":"https:\/\/linoexpress.com\/pl\/wp-json\/wp\/v2\/comments?post=20048"}],"wp:featuredmedia":[{"embeddable":true,"href":"https:\/\/linoexpress.com\/pl\/wp-json\/wp\/v2\/media\/20049"}],"wp:attachment":[{"href":"https:\/\/linoexpress.com\/pl\/wp-json\/wp\/v2\/media?parent=20048"}],"wp:term":[{"taxonomy":"product_brand","embeddable":true,"href":"https:\/\/linoexpress.com\/pl\/wp-json\/wp\/v2\/product_brand?post=20048"},{"taxonomy":"product_cat","embeddable":true,"href":"https:\/\/linoexpress.com\/pl\/wp-json\/wp\/v2\/product_cat?post=20048"},{"taxonomy":"product_tag","embeddable":true,"href":"https:\/\/linoexpress.com\/pl\/wp-json\/wp\/v2\/product_tag?post=20048"}],"curies":[{"name":"wp","href":"https:\/\/api.w.org\/{rel}","templated":true}]}}