{"id":20157,"date":"2026-02-04T10:09:59","date_gmt":"2026-02-04T09:09:59","guid":{"rendered":"https:\/\/linoexpress.com\/pl\/produkt\/rfid-product\/"},"modified":"2026-03-10T23:49:28","modified_gmt":"2026-03-10T22:49:28","slug":"szafka-nocna-z-ukrytym-miejscem-na-bezpieczenstwo","status":"publish","type":"product","link":"https:\/\/linoexpress.com\/pl\/produkt\/szafka-nocna-z-ukrytym-miejscem-na-bezpieczenstwo\/","title":{"rendered":"Szafka nocna z ukrytym miejscem na bezpiecze\u0144stwo"},"content":{"rendered":"","protected":false},"excerpt":{"rendered":"<p>Ta szafka nocna \u0142\u0105czy w sobie doskona\u0142\u0105 elegancj\u0119 i dyskretn\u0105 ochron\u0119 w Twoim domu. Za prostym, nowoczesnym wygl\u0105dem kryje si\u0119 sprytnie ukryta przestrze\u0144 z zamkiem RFID, przeznaczona do bezpiecznego przechowywania kosztowno\u015bci. Idealna dla wszystkich, kt\u00f3rzy pragn\u0105 schludnej przestrzeni, ale tak\u017ce dodatkowego poczucia bezpiecze\u0144stwa.<\/p>\n","protected":false},"featured_media":20158,"comment_status":"closed","ping_status":"closed","template":"","meta":{"inline_featured_image":false},"product_brand":[],"product_cat":[27,24,15,35],"product_tag":[],"class_list":{"0":"post-20157","1":"product","2":"type-product","3":"status-publish","4":"has-post-thumbnail","6":"product_cat-home","7":"product_cat-sale","8":"product_cat-uncategorized","9":"product_cat-fun","11":"first","12":"instock","13":"sale","14":"taxable","15":"shipping-taxable","16":"purchasable","17":"product-type-simple"},"acf":[],"_links":{"self":[{"href":"https:\/\/linoexpress.com\/pl\/wp-json\/wp\/v2\/product\/20157","targetHints":{"allow":["GET"]}}],"collection":[{"href":"https:\/\/linoexpress.com\/pl\/wp-json\/wp\/v2\/product"}],"about":[{"href":"https:\/\/linoexpress.com\/pl\/wp-json\/wp\/v2\/types\/product"}],"replies":[{"embeddable":true,"href":"https:\/\/linoexpress.com\/pl\/wp-json\/wp\/v2\/comments?post=20157"}],"wp:featuredmedia":[{"embeddable":true,"href":"https:\/\/linoexpress.com\/pl\/wp-json\/wp\/v2\/media\/20158"}],"wp:attachment":[{"href":"https:\/\/linoexpress.com\/pl\/wp-json\/wp\/v2\/media?parent=20157"}],"wp:term":[{"taxonomy":"product_brand","embeddable":true,"href":"https:\/\/linoexpress.com\/pl\/wp-json\/wp\/v2\/product_brand?post=20157"},{"taxonomy":"product_cat","embeddable":true,"href":"https:\/\/linoexpress.com\/pl\/wp-json\/wp\/v2\/product_cat?post=20157"},{"taxonomy":"product_tag","embeddable":true,"href":"https:\/\/linoexpress.com\/pl\/wp-json\/wp\/v2\/product_tag?post=20157"}],"curies":[{"name":"wp","href":"https:\/\/api.w.org\/{rel}","templated":true}]}}