{"id":20183,"date":"2026-02-05T19:43:58","date_gmt":"2026-02-05T18:43:58","guid":{"rendered":"https:\/\/linoexpress.com\/pl\/produkt\/matgnd-product\/"},"modified":"2026-03-10T23:49:03","modified_gmt":"2026-03-10T22:49:03","slug":"mata-uziemiajaca","status":"publish","type":"product","link":"https:\/\/linoexpress.com\/pl\/produkt\/mata-uziemiajaca\/","title":{"rendered":"Mata uziemiaj\u0105ca"},"content":{"rendered":"","protected":false},"excerpt":{"rendered":"<p>Mata uziemiaj\u0105ca umo\u017cliwia naturalne po\u0142\u0105czenie cia\u0142a z ziemi\u0105 i przywr\u00f3cenie r\u00f3wnowagi elektrycznej organizmu. Regularne u\u017cywanie mo\u017ce przyczyni\u0107 si\u0119 do lepszego snu, zmniejszenia stresu i \u0142agodzenia b\u00f3lu mi\u0119\u015bni i staw\u00f3w. Jest \u0142atwa w u\u017cyciu i odpowiednia do domu, biura lub na wakacje.<\/p>\n","protected":false},"featured_media":20184,"comment_status":"closed","ping_status":"closed","template":"","meta":{"inline_featured_image":false},"product_brand":[],"product_cat":[27,28,15,35,26],"product_tag":[],"class_list":{"0":"post-20183","1":"product","2":"type-product","3":"status-publish","4":"has-post-thumbnail","6":"product_cat-home","7":"product_cat-beauty","8":"product_cat-uncategorized","9":"product_cat-fun","10":"product_cat-health","12":"first","13":"instock","14":"sale","15":"taxable","16":"shipping-taxable","17":"purchasable","18":"product-type-simple"},"acf":[],"_links":{"self":[{"href":"https:\/\/linoexpress.com\/pl\/wp-json\/wp\/v2\/product\/20183","targetHints":{"allow":["GET"]}}],"collection":[{"href":"https:\/\/linoexpress.com\/pl\/wp-json\/wp\/v2\/product"}],"about":[{"href":"https:\/\/linoexpress.com\/pl\/wp-json\/wp\/v2\/types\/product"}],"replies":[{"embeddable":true,"href":"https:\/\/linoexpress.com\/pl\/wp-json\/wp\/v2\/comments?post=20183"}],"wp:featuredmedia":[{"embeddable":true,"href":"https:\/\/linoexpress.com\/pl\/wp-json\/wp\/v2\/media\/20184"}],"wp:attachment":[{"href":"https:\/\/linoexpress.com\/pl\/wp-json\/wp\/v2\/media?parent=20183"}],"wp:term":[{"taxonomy":"product_brand","embeddable":true,"href":"https:\/\/linoexpress.com\/pl\/wp-json\/wp\/v2\/product_brand?post=20183"},{"taxonomy":"product_cat","embeddable":true,"href":"https:\/\/linoexpress.com\/pl\/wp-json\/wp\/v2\/product_cat?post=20183"},{"taxonomy":"product_tag","embeddable":true,"href":"https:\/\/linoexpress.com\/pl\/wp-json\/wp\/v2\/product_tag?post=20183"}],"curies":[{"name":"wp","href":"https:\/\/api.w.org\/{rel}","templated":true}]}}