{"id":20201,"date":"2026-02-05T20:34:12","date_gmt":"2026-02-05T19:34:12","guid":{"rendered":"https:\/\/linoexpress.com\/pl\/produkt\/strap-product\/"},"modified":"2026-03-10T23:47:52","modified_gmt":"2026-03-10T22:47:52","slug":"paski-do-podnoszenia-ciezarow-z-haczykami-na-nadgarstek","status":"publish","type":"product","link":"https:\/\/linoexpress.com\/pl\/produkt\/paski-do-podnoszenia-ciezarow-z-haczykami-na-nadgarstek\/","title":{"rendered":"Paski do podnoszenia ci\u0119\u017car\u00f3w z haczykami na nadgarstek"},"content":{"rendered":"","protected":false},"excerpt":{"rendered":"<p>Paski do podnoszenia ci\u0119\u017car\u00f3w zapewniaj\u0105 mocne i stabilne wsparcie podczas \u0107wicze\u0144 z wi\u0119kszym obci\u0105\u017ceniem. Pomagaj\u0105 w bezpieczniejszym wykonywaniu ruch\u00f3w i zmniejszaj\u0105 obci\u0105\u017cenie d\u0142oni i nadgarstk\u00f3w. Przeznaczone s\u0105 dla wszystkich, kt\u00f3rzy chc\u0105 lepszej kontroli, mocniejszego chwytu i efektywniejszego treningu.<\/p>\n","protected":false},"featured_media":20202,"comment_status":"closed","ping_status":"closed","template":"","meta":{"inline_featured_image":false},"product_brand":[],"product_cat":[24,15,35,26],"product_tag":[],"class_list":{"0":"post-20201","1":"product","2":"type-product","3":"status-publish","4":"has-post-thumbnail","6":"product_cat-sale","7":"product_cat-uncategorized","8":"product_cat-fun","9":"product_cat-health","11":"first","12":"instock","13":"sale","14":"taxable","15":"shipping-taxable","16":"purchasable","17":"product-type-simple"},"acf":[],"_links":{"self":[{"href":"https:\/\/linoexpress.com\/pl\/wp-json\/wp\/v2\/product\/20201","targetHints":{"allow":["GET"]}}],"collection":[{"href":"https:\/\/linoexpress.com\/pl\/wp-json\/wp\/v2\/product"}],"about":[{"href":"https:\/\/linoexpress.com\/pl\/wp-json\/wp\/v2\/types\/product"}],"replies":[{"embeddable":true,"href":"https:\/\/linoexpress.com\/pl\/wp-json\/wp\/v2\/comments?post=20201"}],"wp:featuredmedia":[{"embeddable":true,"href":"https:\/\/linoexpress.com\/pl\/wp-json\/wp\/v2\/media\/20202"}],"wp:attachment":[{"href":"https:\/\/linoexpress.com\/pl\/wp-json\/wp\/v2\/media?parent=20201"}],"wp:term":[{"taxonomy":"product_brand","embeddable":true,"href":"https:\/\/linoexpress.com\/pl\/wp-json\/wp\/v2\/product_brand?post=20201"},{"taxonomy":"product_cat","embeddable":true,"href":"https:\/\/linoexpress.com\/pl\/wp-json\/wp\/v2\/product_cat?post=20201"},{"taxonomy":"product_tag","embeddable":true,"href":"https:\/\/linoexpress.com\/pl\/wp-json\/wp\/v2\/product_tag?post=20201"}],"curies":[{"name":"wp","href":"https:\/\/api.w.org\/{rel}","templated":true}]}}