{"id":2042,"date":"2021-03-29T08:05:21","date_gmt":"2021-03-29T06:05:21","guid":{"rendered":"https:\/\/shopium.eu\/pl\/?post_type=product&#038;p=2042"},"modified":"2024-06-19T10:50:25","modified_gmt":"2024-06-19T08:50:25","slug":"magnes-do-lowienia-fishag","status":"publish","type":"product","link":"https:\/\/linoexpress.com\/pl\/produkt\/magnes-do-lowienia-fishag\/","title":{"rendered":"Magnes do \u0142owienia &#8211; Fishag"},"content":{"rendered":"","protected":false},"excerpt":{"rendered":"<p>Lekki i kompaktowy wykonany z najwy\u017cszej jako\u015bci metali, magnes ten jest rewolucyjnym produktem, najlepszym do poszukiwania zgubionych metalowych przedmiot\u00f3w.<\/p>\n","protected":false},"featured_media":2043,"comment_status":"closed","ping_status":"closed","template":"","meta":{"inline_featured_image":false},"product_brand":[],"product_cat":[27,15],"product_tag":[],"class_list":{"0":"post-2042","1":"product","2":"type-product","3":"status-publish","4":"has-post-thumbnail","6":"product_cat-home","7":"product_cat-uncategorized","9":"first","10":"instock","11":"sale","12":"taxable","13":"shipping-taxable","14":"purchasable","15":"product-type-simple"},"acf":[],"_links":{"self":[{"href":"https:\/\/linoexpress.com\/pl\/wp-json\/wp\/v2\/product\/2042","targetHints":{"allow":["GET"]}}],"collection":[{"href":"https:\/\/linoexpress.com\/pl\/wp-json\/wp\/v2\/product"}],"about":[{"href":"https:\/\/linoexpress.com\/pl\/wp-json\/wp\/v2\/types\/product"}],"replies":[{"embeddable":true,"href":"https:\/\/linoexpress.com\/pl\/wp-json\/wp\/v2\/comments?post=2042"}],"wp:featuredmedia":[{"embeddable":true,"href":"https:\/\/linoexpress.com\/pl\/wp-json\/wp\/v2\/media\/2043"}],"wp:attachment":[{"href":"https:\/\/linoexpress.com\/pl\/wp-json\/wp\/v2\/media?parent=2042"}],"wp:term":[{"taxonomy":"product_brand","embeddable":true,"href":"https:\/\/linoexpress.com\/pl\/wp-json\/wp\/v2\/product_brand?post=2042"},{"taxonomy":"product_cat","embeddable":true,"href":"https:\/\/linoexpress.com\/pl\/wp-json\/wp\/v2\/product_cat?post=2042"},{"taxonomy":"product_tag","embeddable":true,"href":"https:\/\/linoexpress.com\/pl\/wp-json\/wp\/v2\/product_tag?post=2042"}],"curies":[{"name":"wp","href":"https:\/\/api.w.org\/{rel}","templated":true}]}}