{"id":20877,"date":"2026-03-27T09:26:42","date_gmt":"2026-03-27T08:26:42","guid":{"rendered":"https:\/\/linoexpress.com\/pl\/produkt\/reflexpro-product\/"},"modified":"2026-04-06T12:55:38","modified_gmt":"2026-04-06T10:55:38","slug":"worek-refleksyjny-do-treningu-szybkosci-i-sily","status":"publish","type":"product","link":"https:\/\/linoexpress.com\/pl\/produkt\/worek-refleksyjny-do-treningu-szybkosci-i-sily\/","title":{"rendered":"Worek refleksyjny do treningu szybko\u015bci i si\u0142y"},"content":{"rendered":"","protected":false},"excerpt":{"rendered":"<p>Popraw swoje refleksy, szybko\u015b\u0107 i koordynacj\u0119 dzi\u0119ki innowacyjnej torbie refleksyjnej zaprojektowanej dla maksymalnej wydajno\u015bci. Dzi\u0119ki stabilnej podstawie pr\u00f3\u017cniowej i inteligentnej konstrukcji, umo\u017cliwia intensywny trening bez przesuwania i ha\u0142asu. Idealna do u\u017cytku domowego, si\u0142owni i dla wszystkich poziom\u00f3w u\u017cytkownik\u00f3w, od pocz\u0105tkuj\u0105cych po profesjonalist\u00f3w.<\/p>\n","protected":false},"featured_media":20878,"comment_status":"closed","ping_status":"closed","template":"","meta":{"inline_featured_image":false},"product_brand":[],"product_cat":[27,15,35],"product_tag":[],"class_list":{"0":"post-20877","1":"product","2":"type-product","3":"status-publish","4":"has-post-thumbnail","6":"product_cat-home","7":"product_cat-uncategorized","8":"product_cat-fun","10":"first","11":"instock","12":"sale","13":"taxable","14":"shipping-taxable","15":"purchasable","16":"product-type-simple"},"acf":[],"_links":{"self":[{"href":"https:\/\/linoexpress.com\/pl\/wp-json\/wp\/v2\/product\/20877","targetHints":{"allow":["GET"]}}],"collection":[{"href":"https:\/\/linoexpress.com\/pl\/wp-json\/wp\/v2\/product"}],"about":[{"href":"https:\/\/linoexpress.com\/pl\/wp-json\/wp\/v2\/types\/product"}],"replies":[{"embeddable":true,"href":"https:\/\/linoexpress.com\/pl\/wp-json\/wp\/v2\/comments?post=20877"}],"wp:featuredmedia":[{"embeddable":true,"href":"https:\/\/linoexpress.com\/pl\/wp-json\/wp\/v2\/media\/20878"}],"wp:attachment":[{"href":"https:\/\/linoexpress.com\/pl\/wp-json\/wp\/v2\/media?parent=20877"}],"wp:term":[{"taxonomy":"product_brand","embeddable":true,"href":"https:\/\/linoexpress.com\/pl\/wp-json\/wp\/v2\/product_brand?post=20877"},{"taxonomy":"product_cat","embeddable":true,"href":"https:\/\/linoexpress.com\/pl\/wp-json\/wp\/v2\/product_cat?post=20877"},{"taxonomy":"product_tag","embeddable":true,"href":"https:\/\/linoexpress.com\/pl\/wp-json\/wp\/v2\/product_tag?post=20877"}],"curies":[{"name":"wp","href":"https:\/\/api.w.org\/{rel}","templated":true}]}}