{"id":21156,"date":"2026-04-24T00:09:24","date_gmt":"2026-04-23T22:09:24","guid":{"rendered":"https:\/\/linoexpress.com\/pl\/produkt\/magicshelf-product\/"},"modified":"2026-04-28T09:44:57","modified_gmt":"2026-04-28T07:44:57","slug":"dyskretna-polka-bezpieczenstwa","status":"publish","type":"product","link":"https:\/\/linoexpress.com\/pl\/produkt\/dyskretna-polka-bezpieczenstwa\/","title":{"rendered":"Dyskretna p\u00f3\u0142ka bezpiecze\u0144stwa"},"content":{"rendered":"","protected":false},"excerpt":{"rendered":"<p>Dyskretne ukryj swoje kosztowno\u015bci w miejscu, gdzie nikt si\u0119 ich nie spodziewa \u2013 w eleganckiej p\u00f3\u0142ce \u015bciennej. Po\u0142\u0105czenie praktyczno\u015bci i bezpiecze\u0144stwa pozwala zorganizowa\u0107 przestrze\u0144, jednocze\u015bnie chroni\u0105c to, co dla Ciebie najwa\u017cniejsze. Nowoczesny design pasuje do ka\u017cdego wn\u0119trza i sprawia wra\u017cenie luksusu oraz inteligentnego rozwi\u0105zania.<\/p>\n","protected":false},"featured_media":21157,"comment_status":"closed","ping_status":"closed","template":"","meta":{"inline_featured_image":false},"product_brand":[],"product_cat":[27,24,15,35],"product_tag":[],"class_list":{"0":"post-21156","1":"product","2":"type-product","3":"status-publish","4":"has-post-thumbnail","6":"product_cat-home","7":"product_cat-sale","8":"product_cat-uncategorized","9":"product_cat-fun","11":"first","12":"instock","13":"sale","14":"taxable","15":"shipping-taxable","16":"purchasable","17":"product-type-simple"},"acf":[],"_links":{"self":[{"href":"https:\/\/linoexpress.com\/pl\/wp-json\/wp\/v2\/product\/21156","targetHints":{"allow":["GET"]}}],"collection":[{"href":"https:\/\/linoexpress.com\/pl\/wp-json\/wp\/v2\/product"}],"about":[{"href":"https:\/\/linoexpress.com\/pl\/wp-json\/wp\/v2\/types\/product"}],"replies":[{"embeddable":true,"href":"https:\/\/linoexpress.com\/pl\/wp-json\/wp\/v2\/comments?post=21156"}],"wp:featuredmedia":[{"embeddable":true,"href":"https:\/\/linoexpress.com\/pl\/wp-json\/wp\/v2\/media\/21157"}],"wp:attachment":[{"href":"https:\/\/linoexpress.com\/pl\/wp-json\/wp\/v2\/media?parent=21156"}],"wp:term":[{"taxonomy":"product_brand","embeddable":true,"href":"https:\/\/linoexpress.com\/pl\/wp-json\/wp\/v2\/product_brand?post=21156"},{"taxonomy":"product_cat","embeddable":true,"href":"https:\/\/linoexpress.com\/pl\/wp-json\/wp\/v2\/product_cat?post=21156"},{"taxonomy":"product_tag","embeddable":true,"href":"https:\/\/linoexpress.com\/pl\/wp-json\/wp\/v2\/product_tag?post=21156"}],"curies":[{"name":"wp","href":"https:\/\/api.w.org\/{rel}","templated":true}]}}