{"id":21184,"date":"2026-04-24T15:10:38","date_gmt":"2026-04-24T13:10:38","guid":{"rendered":"https:\/\/linoexpress.com\/pl\/produkt\/vac60-product\/"},"modified":"2026-05-01T13:54:09","modified_gmt":"2026-05-01T11:54:09","slug":"reczny-turbo-czysciciel","status":"publish","type":"product","link":"https:\/\/linoexpress.com\/pl\/produkt\/reczny-turbo-czysciciel\/","title":{"rendered":"R\u0119czny turbo czy\u015bciciel"},"content":{"rendered":"","protected":false},"excerpt":{"rendered":"<p>R\u0119czny turbo odkurzacz zapewnia mocne i szybkie czyszczenie bez kabli i komplikacji. Dzi\u0119ki kompaktowej konstrukcji i silnemu ssaniu, \u0142atwo usuwa kurz i zanieczyszczenia nawet z najtrudniej dost\u0119pnych miejsc. Idealny do domu i samochodu &#8211; zawsze gotowy, gdy go potrzebujesz.<\/p>\n","protected":false},"featured_media":21186,"comment_status":"closed","ping_status":"closed","template":"","meta":{"inline_featured_image":false},"product_brand":[],"product_cat":[27,24,15,35],"product_tag":[],"class_list":{"0":"post-21184","1":"product","2":"type-product","3":"status-publish","4":"has-post-thumbnail","6":"product_cat-home","7":"product_cat-sale","8":"product_cat-uncategorized","9":"product_cat-fun","11":"first","12":"instock","13":"sale","14":"taxable","15":"shipping-taxable","16":"purchasable","17":"product-type-simple"},"acf":[],"_links":{"self":[{"href":"https:\/\/linoexpress.com\/pl\/wp-json\/wp\/v2\/product\/21184","targetHints":{"allow":["GET"]}}],"collection":[{"href":"https:\/\/linoexpress.com\/pl\/wp-json\/wp\/v2\/product"}],"about":[{"href":"https:\/\/linoexpress.com\/pl\/wp-json\/wp\/v2\/types\/product"}],"replies":[{"embeddable":true,"href":"https:\/\/linoexpress.com\/pl\/wp-json\/wp\/v2\/comments?post=21184"}],"wp:featuredmedia":[{"embeddable":true,"href":"https:\/\/linoexpress.com\/pl\/wp-json\/wp\/v2\/media\/21186"}],"wp:attachment":[{"href":"https:\/\/linoexpress.com\/pl\/wp-json\/wp\/v2\/media?parent=21184"}],"wp:term":[{"taxonomy":"product_brand","embeddable":true,"href":"https:\/\/linoexpress.com\/pl\/wp-json\/wp\/v2\/product_brand?post=21184"},{"taxonomy":"product_cat","embeddable":true,"href":"https:\/\/linoexpress.com\/pl\/wp-json\/wp\/v2\/product_cat?post=21184"},{"taxonomy":"product_tag","embeddable":true,"href":"https:\/\/linoexpress.com\/pl\/wp-json\/wp\/v2\/product_tag?post=21184"}],"curies":[{"name":"wp","href":"https:\/\/api.w.org\/{rel}","templated":true}]}}