{"id":2427,"date":"2021-10-15T11:39:30","date_gmt":"2021-10-15T09:39:30","guid":{"rendered":"https:\/\/linoexpress.com\/pl\/?post_type=product&#038;p=2427"},"modified":"2023-01-05T08:19:44","modified_gmt":"2023-01-05T07:19:44","slug":"elektryczna-maszynka-do-golenia-hairer","status":"publish","type":"product","link":"https:\/\/linoexpress.com\/pl\/produkt\/elektryczna-maszynka-do-golenia-hairer\/","title":{"rendered":"Elektryczna maszynka do golenia &#8211; Hairer"},"content":{"rendered":"","protected":false},"excerpt":{"rendered":"<div class=\"woocommerce-product-details__short-description\">\n<div class=\"woocommerce-product-details__short-description\">\n<p>Najlepsza elektryczna maszynka do golenia dla m\u0119\u017cczyzn, jak\u0105 mo\u017cna znale\u017a\u0107 na rynku. Charakteryzuje si\u0119 wysokiej jako\u015bci ceramicznymi ostrzami do precyzyjnego golenia, niezale\u017cnie od kierunku, ergonomicznie zaprojektowany uchwyt i mo\u017cliwo\u015b\u0107 wygodnego \u0142adowania za pomoc\u0105 kabla USB.<\/p>\n<\/div>\n<\/div>\n","protected":false},"featured_media":2411,"comment_status":"closed","ping_status":"closed","template":"","meta":{"inline_featured_image":false},"product_brand":[],"product_cat":[27,28,15],"product_tag":[],"class_list":{"0":"post-2427","1":"product","2":"type-product","3":"status-publish","4":"has-post-thumbnail","6":"product_cat-home","7":"product_cat-beauty","8":"product_cat-uncategorized","10":"first","11":"instock","12":"sale","13":"taxable","14":"shipping-taxable","15":"purchasable","16":"product-type-simple"},"acf":[],"_links":{"self":[{"href":"https:\/\/linoexpress.com\/pl\/wp-json\/wp\/v2\/product\/2427","targetHints":{"allow":["GET"]}}],"collection":[{"href":"https:\/\/linoexpress.com\/pl\/wp-json\/wp\/v2\/product"}],"about":[{"href":"https:\/\/linoexpress.com\/pl\/wp-json\/wp\/v2\/types\/product"}],"replies":[{"embeddable":true,"href":"https:\/\/linoexpress.com\/pl\/wp-json\/wp\/v2\/comments?post=2427"}],"wp:featuredmedia":[{"embeddable":true,"href":"https:\/\/linoexpress.com\/pl\/wp-json\/wp\/v2\/media\/2411"}],"wp:attachment":[{"href":"https:\/\/linoexpress.com\/pl\/wp-json\/wp\/v2\/media?parent=2427"}],"wp:term":[{"taxonomy":"product_brand","embeddable":true,"href":"https:\/\/linoexpress.com\/pl\/wp-json\/wp\/v2\/product_brand?post=2427"},{"taxonomy":"product_cat","embeddable":true,"href":"https:\/\/linoexpress.com\/pl\/wp-json\/wp\/v2\/product_cat?post=2427"},{"taxonomy":"product_tag","embeddable":true,"href":"https:\/\/linoexpress.com\/pl\/wp-json\/wp\/v2\/product_tag?post=2427"}],"curies":[{"name":"wp","href":"https:\/\/api.w.org\/{rel}","templated":true}]}}