{"id":2476,"date":"2021-10-20T10:54:16","date_gmt":"2021-10-20T08:54:16","guid":{"rendered":"https:\/\/linoexpress.com\/pl\/?post_type=product&#038;p=2476"},"modified":"2021-10-20T11:15:50","modified_gmt":"2021-10-20T09:15:50","slug":"lampa-sloneczna-falszywa-kamera-monitorujaca-fakeam","status":"publish","type":"product","link":"https:\/\/linoexpress.com\/pl\/produkt\/lampa-sloneczna-falszywa-kamera-monitorujaca-fakeam\/","title":{"rendered":"Lampa s\u0142oneczna &#8211; fa\u0142szywa kamera monitoruj\u0105ca &#8211; Fakeam"},"content":{"rendered":"","protected":false},"excerpt":{"rendered":"<div class=\"woocommerce-product-details__short-description\">\n<div class=\"woocommerce-product-details__short-description\">\n<div class=\"woocommerce-product-details__short-description\">\n<p><span style=\"font-weight: 400\">Rewolucyjny produkt, kt\u00f3ry zapewni niezb\u0119dne bezpiecze\u0144stwo w ochronie Twojej w\u0142asno\u015bci, a to tylko lampa LED, kt\u00f3ra wygl\u0105da jak prawdziwa kamera monitoruj\u0105ca a nawet posiada czujnik ruchu PIR!<\/span><\/p>\n<\/div>\n<\/div>\n<\/div>\n","protected":false},"featured_media":2486,"comment_status":"closed","ping_status":"closed","template":"","meta":{"inline_featured_image":false},"product_brand":[],"product_cat":[27,15],"product_tag":[],"class_list":{"0":"post-2476","1":"product","2":"type-product","3":"status-publish","4":"has-post-thumbnail","6":"product_cat-home","7":"product_cat-uncategorized","9":"first","10":"instock","11":"sale","12":"taxable","13":"shipping-taxable","14":"purchasable","15":"product-type-simple"},"acf":[],"_links":{"self":[{"href":"https:\/\/linoexpress.com\/pl\/wp-json\/wp\/v2\/product\/2476","targetHints":{"allow":["GET"]}}],"collection":[{"href":"https:\/\/linoexpress.com\/pl\/wp-json\/wp\/v2\/product"}],"about":[{"href":"https:\/\/linoexpress.com\/pl\/wp-json\/wp\/v2\/types\/product"}],"replies":[{"embeddable":true,"href":"https:\/\/linoexpress.com\/pl\/wp-json\/wp\/v2\/comments?post=2476"}],"wp:featuredmedia":[{"embeddable":true,"href":"https:\/\/linoexpress.com\/pl\/wp-json\/wp\/v2\/media\/2486"}],"wp:attachment":[{"href":"https:\/\/linoexpress.com\/pl\/wp-json\/wp\/v2\/media?parent=2476"}],"wp:term":[{"taxonomy":"product_brand","embeddable":true,"href":"https:\/\/linoexpress.com\/pl\/wp-json\/wp\/v2\/product_brand?post=2476"},{"taxonomy":"product_cat","embeddable":true,"href":"https:\/\/linoexpress.com\/pl\/wp-json\/wp\/v2\/product_cat?post=2476"},{"taxonomy":"product_tag","embeddable":true,"href":"https:\/\/linoexpress.com\/pl\/wp-json\/wp\/v2\/product_tag?post=2476"}],"curies":[{"name":"wp","href":"https:\/\/api.w.org\/{rel}","templated":true}]}}