{"id":2680,"date":"2022-06-10T14:32:56","date_gmt":"2022-06-10T12:32:56","guid":{"rendered":"https:\/\/linoexpress.com\/pl\/?post_type=product&#038;p=2680"},"modified":"2024-06-19T10:55:05","modified_gmt":"2024-06-19T08:55:05","slug":"samoprzylepne-rzesy-wielokrotnego-uzytku-waterlash","status":"publish","type":"product","link":"https:\/\/linoexpress.com\/pl\/produkt\/samoprzylepne-rzesy-wielokrotnego-uzytku-waterlash\/","title":{"rendered":"Samoprzylepne rz\u0119sy wielokrotnego u\u017cytku &#8211; WaterLash"},"content":{"rendered":"","protected":false},"excerpt":{"rendered":"<div class=\"woocommerce-product-details__short-description\">\n<div class=\"woocommerce-product-details__short-description\">\n<div class=\"woocommerce-product-details__short-description\">\n<div class=\"woocommerce-product-details__short-description\">\n<p>Wypr\u00f3buj nasze samoprzylepne rz\u0119sy wielokrotnego u\u017cytku, kt\u00f3re s\u0105 \u0142atwe i szybkie w aplikacji, co znacznie u\u0142atwia wykonanie makija\u017cu. S\u0105 tak naturalna jak Twoje w\u0142asne rz\u0119sy i mog\u0105 by\u0107 ponownie u\u017cyte.<\/p>\n<\/div>\n<\/div>\n<\/div>\n<\/div>\n","protected":false},"featured_media":2687,"comment_status":"closed","ping_status":"closed","template":"","meta":{"inline_featured_image":false},"product_brand":[],"product_cat":[28,15],"product_tag":[],"class_list":{"0":"post-2680","1":"product","2":"type-product","3":"status-publish","4":"has-post-thumbnail","6":"product_cat-beauty","7":"product_cat-uncategorized","9":"first","10":"instock","11":"sale","12":"taxable","13":"shipping-taxable","14":"purchasable","15":"product-type-simple"},"acf":[],"_links":{"self":[{"href":"https:\/\/linoexpress.com\/pl\/wp-json\/wp\/v2\/product\/2680","targetHints":{"allow":["GET"]}}],"collection":[{"href":"https:\/\/linoexpress.com\/pl\/wp-json\/wp\/v2\/product"}],"about":[{"href":"https:\/\/linoexpress.com\/pl\/wp-json\/wp\/v2\/types\/product"}],"replies":[{"embeddable":true,"href":"https:\/\/linoexpress.com\/pl\/wp-json\/wp\/v2\/comments?post=2680"}],"wp:featuredmedia":[{"embeddable":true,"href":"https:\/\/linoexpress.com\/pl\/wp-json\/wp\/v2\/media\/2687"}],"wp:attachment":[{"href":"https:\/\/linoexpress.com\/pl\/wp-json\/wp\/v2\/media?parent=2680"}],"wp:term":[{"taxonomy":"product_brand","embeddable":true,"href":"https:\/\/linoexpress.com\/pl\/wp-json\/wp\/v2\/product_brand?post=2680"},{"taxonomy":"product_cat","embeddable":true,"href":"https:\/\/linoexpress.com\/pl\/wp-json\/wp\/v2\/product_cat?post=2680"},{"taxonomy":"product_tag","embeddable":true,"href":"https:\/\/linoexpress.com\/pl\/wp-json\/wp\/v2\/product_tag?post=2680"}],"curies":[{"name":"wp","href":"https:\/\/api.w.org\/{rel}","templated":true}]}}