{"id":4193,"date":"2022-08-10T12:55:55","date_gmt":"2022-08-10T10:55:55","guid":{"rendered":"https:\/\/linoexpress.com\/pl\/?post_type=product&#038;p=4193"},"modified":"2024-06-19T10:53:56","modified_gmt":"2024-06-19T08:53:56","slug":"11-gratis-samoprzylepne-rzesy-wielokrotnego-uzytku-waterlash","status":"publish","type":"product","link":"https:\/\/linoexpress.com\/pl\/produkt\/11-gratis-samoprzylepne-rzesy-wielokrotnego-uzytku-waterlash\/","title":{"rendered":"1+1 GRATIS Samoprzylepne rz\u0119sy wielokrotnego u\u017cytku- WaterLash"},"content":{"rendered":"","protected":false},"excerpt":{"rendered":"<div class=\"woocommerce-product-details__short-description\">\n<div class=\"woocommerce-product-details__short-description\">\n<div class=\"woocommerce-product-details__short-description\">\n<div class=\"woocommerce-product-details__short-description\">\n<p>Wypr\u00f3buj nasze samoprzylepne rz\u0119sy wielokrotnego u\u017cytku, kt\u00f3re s\u0105 \u0142atwe i szybkie w aplikacji, co znacznie u\u0142atwia wykonanie makija\u017cu. S\u0105 tak naturalna jak Twoje w\u0142asne rz\u0119sy i mog\u0105 by\u0107 ponownie u\u017cyte.<\/p>\n<\/div>\n<\/div>\n<\/div>\n<\/div>\n","protected":false},"featured_media":2687,"comment_status":"closed","ping_status":"closed","template":"","meta":{"inline_featured_image":false},"product_brand":[],"product_cat":[28,24,15],"product_tag":[],"class_list":{"0":"post-4193","1":"product","2":"type-product","3":"status-publish","4":"has-post-thumbnail","6":"product_cat-beauty","7":"product_cat-sale","8":"product_cat-uncategorized","10":"first","11":"instock","12":"sale","13":"taxable","14":"shipping-taxable","15":"purchasable","16":"product-type-simple"},"acf":[],"_links":{"self":[{"href":"https:\/\/linoexpress.com\/pl\/wp-json\/wp\/v2\/product\/4193","targetHints":{"allow":["GET"]}}],"collection":[{"href":"https:\/\/linoexpress.com\/pl\/wp-json\/wp\/v2\/product"}],"about":[{"href":"https:\/\/linoexpress.com\/pl\/wp-json\/wp\/v2\/types\/product"}],"replies":[{"embeddable":true,"href":"https:\/\/linoexpress.com\/pl\/wp-json\/wp\/v2\/comments?post=4193"}],"wp:featuredmedia":[{"embeddable":true,"href":"https:\/\/linoexpress.com\/pl\/wp-json\/wp\/v2\/media\/2687"}],"wp:attachment":[{"href":"https:\/\/linoexpress.com\/pl\/wp-json\/wp\/v2\/media?parent=4193"}],"wp:term":[{"taxonomy":"product_brand","embeddable":true,"href":"https:\/\/linoexpress.com\/pl\/wp-json\/wp\/v2\/product_brand?post=4193"},{"taxonomy":"product_cat","embeddable":true,"href":"https:\/\/linoexpress.com\/pl\/wp-json\/wp\/v2\/product_cat?post=4193"},{"taxonomy":"product_tag","embeddable":true,"href":"https:\/\/linoexpress.com\/pl\/wp-json\/wp\/v2\/product_tag?post=4193"}],"curies":[{"name":"wp","href":"https:\/\/api.w.org\/{rel}","templated":true}]}}