{"id":5207,"date":"2022-09-29T11:44:34","date_gmt":"2022-09-29T09:44:34","guid":{"rendered":"https:\/\/linoexpress.com\/pl\/?post_type=product&#038;p=5207"},"modified":"2023-01-05T08:17:09","modified_gmt":"2023-01-05T07:17:09","slug":"swiety-mikolaj-jako-dekoracja-na-nowy-rok-santas","status":"publish","type":"product","link":"https:\/\/linoexpress.com\/pl\/produkt\/swiety-mikolaj-jako-dekoracja-na-nowy-rok-santas\/","title":{"rendered":"\u015awi\u0119ty Miko\u0142aj jako dekoracja na Nowy Rok &#8211; Santas"},"content":{"rendered":"","protected":false},"excerpt":{"rendered":"<div class=\"woocommerce-product-details__short-description\">\n<div class=\"woocommerce-product-details__short-description\">\n<div class=\"woocommerce-product-details__short-description\">\n<div class=\"woocommerce-product-details__short-description\">\n<p>Zbli\u017ca si\u0119 sezon \u015bwi\u0105teczny, uzupe\u0142nij swoj\u0105 kolekcj\u0119 idealnych ozd\u00f3b noworocznych o t\u0119 innowacyjn\u0105 i super FAJN\u0104 wizualn\u0105 i d\u017awi\u0119kow\u0105 dekoracj\u0119 \u015awi\u0119tego Miko\u0142aja i spraw, aby Twoje maluchy by\u0142y szcz\u0119\u015bliwe.<\/p>\n<\/div>\n<\/div>\n<\/div>\n<\/div>\n","protected":false},"featured_media":5218,"comment_status":"closed","ping_status":"closed","template":"","meta":{"inline_featured_image":false},"product_brand":[],"product_cat":[27,15,35],"product_tag":[],"class_list":{"0":"post-5207","1":"product","2":"type-product","3":"status-publish","4":"has-post-thumbnail","6":"product_cat-home","7":"product_cat-uncategorized","8":"product_cat-fun","10":"first","11":"instock","12":"sale","13":"taxable","14":"shipping-taxable","15":"purchasable","16":"product-type-simple"},"acf":[],"_links":{"self":[{"href":"https:\/\/linoexpress.com\/pl\/wp-json\/wp\/v2\/product\/5207","targetHints":{"allow":["GET"]}}],"collection":[{"href":"https:\/\/linoexpress.com\/pl\/wp-json\/wp\/v2\/product"}],"about":[{"href":"https:\/\/linoexpress.com\/pl\/wp-json\/wp\/v2\/types\/product"}],"replies":[{"embeddable":true,"href":"https:\/\/linoexpress.com\/pl\/wp-json\/wp\/v2\/comments?post=5207"}],"wp:featuredmedia":[{"embeddable":true,"href":"https:\/\/linoexpress.com\/pl\/wp-json\/wp\/v2\/media\/5218"}],"wp:attachment":[{"href":"https:\/\/linoexpress.com\/pl\/wp-json\/wp\/v2\/media?parent=5207"}],"wp:term":[{"taxonomy":"product_brand","embeddable":true,"href":"https:\/\/linoexpress.com\/pl\/wp-json\/wp\/v2\/product_brand?post=5207"},{"taxonomy":"product_cat","embeddable":true,"href":"https:\/\/linoexpress.com\/pl\/wp-json\/wp\/v2\/product_cat?post=5207"},{"taxonomy":"product_tag","embeddable":true,"href":"https:\/\/linoexpress.com\/pl\/wp-json\/wp\/v2\/product_tag?post=5207"}],"curies":[{"name":"wp","href":"https:\/\/api.w.org\/{rel}","templated":true}]}}