{"id":7498,"date":"2022-11-24T08:29:05","date_gmt":"2022-11-24T07:29:05","guid":{"rendered":"https:\/\/linoexpress.com\/pl\/?post_type=product&#038;p=7498"},"modified":"2023-05-11T12:05:46","modified_gmt":"2023-05-11T10:05:46","slug":"11-gratis-dekoracja-swietlna-z-sterowaniem-zdalnm-ledflash","status":"publish","type":"product","link":"https:\/\/linoexpress.com\/pl\/produkt\/11-gratis-dekoracja-swietlna-z-sterowaniem-zdalnm-ledflash\/","title":{"rendered":"1+1 GRATIS Dekoracja \u015bwietlna z sterowaniem zdalnm &#8211; Ledflash"},"content":{"rendered":"","protected":false},"excerpt":{"rendered":"<div class=\"woocommerce-product-details__short-description\">\n<div class=\"woocommerce-product-details__short-description\">\n<div class=\"woocommerce-product-details__short-description\">\n<div class=\"woocommerce-product-details__short-description\">\n<p><span class=\"Y2IQFc\" lang=\"pl\">Doskona\u0142e ozdobne \u015bwiat\u0142a LED na pilota za pomoc\u0105 smartfon\u00f3w stworz\u0105 idealn\u0105 atmosfer\u0119 podczas \u015bwi\u0105t, Nowego Roku i \u015awi\u0105t Bo\u017cego Narodzenia, jako\u015b\u0107 z efektownymi wariacjami kolorystycznymi stworz\u0105 niezwyk\u0142\u0105 atmosfer\u0119 i atmosfer\u0119.<\/span><\/p>\n<\/div>\n<\/div>\n<\/div>\n<\/div>\n","protected":false},"featured_media":11138,"comment_status":"closed","ping_status":"closed","template":"","meta":{"inline_featured_image":false},"product_brand":[],"product_cat":[27,24,15],"product_tag":[],"class_list":{"0":"post-7498","1":"product","2":"type-product","3":"status-publish","4":"has-post-thumbnail","6":"product_cat-home","7":"product_cat-sale","8":"product_cat-uncategorized","10":"first","11":"instock","12":"sale","13":"taxable","14":"shipping-taxable","15":"purchasable","16":"product-type-simple"},"acf":[],"_links":{"self":[{"href":"https:\/\/linoexpress.com\/pl\/wp-json\/wp\/v2\/product\/7498","targetHints":{"allow":["GET"]}}],"collection":[{"href":"https:\/\/linoexpress.com\/pl\/wp-json\/wp\/v2\/product"}],"about":[{"href":"https:\/\/linoexpress.com\/pl\/wp-json\/wp\/v2\/types\/product"}],"replies":[{"embeddable":true,"href":"https:\/\/linoexpress.com\/pl\/wp-json\/wp\/v2\/comments?post=7498"}],"wp:featuredmedia":[{"embeddable":true,"href":"https:\/\/linoexpress.com\/pl\/wp-json\/wp\/v2\/media\/11138"}],"wp:attachment":[{"href":"https:\/\/linoexpress.com\/pl\/wp-json\/wp\/v2\/media?parent=7498"}],"wp:term":[{"taxonomy":"product_brand","embeddable":true,"href":"https:\/\/linoexpress.com\/pl\/wp-json\/wp\/v2\/product_brand?post=7498"},{"taxonomy":"product_cat","embeddable":true,"href":"https:\/\/linoexpress.com\/pl\/wp-json\/wp\/v2\/product_cat?post=7498"},{"taxonomy":"product_tag","embeddable":true,"href":"https:\/\/linoexpress.com\/pl\/wp-json\/wp\/v2\/product_tag?post=7498"}],"curies":[{"name":"wp","href":"https:\/\/api.w.org\/{rel}","templated":true}]}}