{"id":9015,"date":"2023-01-23T11:55:43","date_gmt":"2023-01-23T10:55:43","guid":{"rendered":"https:\/\/linoexpress.com\/pl\/?post_type=product&#038;p=9015"},"modified":"2023-01-23T12:09:56","modified_gmt":"2023-01-23T11:09:56","slug":"pulapka-na-myszy-i-szczury-mtrap","status":"publish","type":"product","link":"https:\/\/linoexpress.com\/pl\/produkt\/pulapka-na-myszy-i-szczury-mtrap\/","title":{"rendered":"Pu\u0142apka na myszy i szczury &#8211; Mtrap"},"content":{"rendered":"","protected":false},"excerpt":{"rendered":"<p>Ta pu\u0142apka na myszy z\u0142apie je wszystkie! Pozb\u0105d\u017a si\u0119 myszy i szczur\u00f3w na zawsze!<\/p>\n","protected":false},"featured_media":9021,"comment_status":"closed","ping_status":"closed","template":"","meta":{"inline_featured_image":false},"product_brand":[],"product_cat":[27,15],"product_tag":[],"class_list":{"0":"post-9015","1":"product","2":"type-product","3":"status-publish","4":"has-post-thumbnail","6":"product_cat-home","7":"product_cat-uncategorized","9":"first","10":"instock","11":"sale","12":"taxable","13":"shipping-taxable","14":"purchasable","15":"product-type-simple"},"acf":[],"_links":{"self":[{"href":"https:\/\/linoexpress.com\/pl\/wp-json\/wp\/v2\/product\/9015","targetHints":{"allow":["GET"]}}],"collection":[{"href":"https:\/\/linoexpress.com\/pl\/wp-json\/wp\/v2\/product"}],"about":[{"href":"https:\/\/linoexpress.com\/pl\/wp-json\/wp\/v2\/types\/product"}],"replies":[{"embeddable":true,"href":"https:\/\/linoexpress.com\/pl\/wp-json\/wp\/v2\/comments?post=9015"}],"wp:featuredmedia":[{"embeddable":true,"href":"https:\/\/linoexpress.com\/pl\/wp-json\/wp\/v2\/media\/9021"}],"wp:attachment":[{"href":"https:\/\/linoexpress.com\/pl\/wp-json\/wp\/v2\/media?parent=9015"}],"wp:term":[{"taxonomy":"product_brand","embeddable":true,"href":"https:\/\/linoexpress.com\/pl\/wp-json\/wp\/v2\/product_brand?post=9015"},{"taxonomy":"product_cat","embeddable":true,"href":"https:\/\/linoexpress.com\/pl\/wp-json\/wp\/v2\/product_cat?post=9015"},{"taxonomy":"product_tag","embeddable":true,"href":"https:\/\/linoexpress.com\/pl\/wp-json\/wp\/v2\/product_tag?post=9015"}],"curies":[{"name":"wp","href":"https:\/\/api.w.org\/{rel}","templated":true}]}}