{"id":746,"date":"2021-01-05T14:23:13","date_gmt":"2021-01-05T13:23:13","guid":{"rendered":"https:\/\/shopium.eu\/ro\/?page_id=746"},"modified":"2025-04-11T11:40:57","modified_gmt":"2025-04-11T09:40:57","slug":"politica-privind-cookie-urile","status":"publish","type":"page","link":"https:\/\/linoexpress.com\/ro\/politica-privind-cookie-urile\/","title":{"rendered":"Politica privind cookie-urile"},"content":{"rendered":"<p><span style=\"font-weight: 400\">Compania ECTCEU d.o.o. v\u0103 respect\u0103 \u0219i v\u0103 protejeaz\u0103 confiden\u021bialitatea. Mai jos reg\u0103si\u021bi informa\u021bii detaliate despre modul \u00een care trat\u0103m datele dumneavoastr\u0103 personale.<\/span><\/p>\n<p><span style=\"font-weight: 400\">Aceast\u0103 politic\u0103 privind cookie-urile descrie modul de prelucrare a datelor colectate prin utilizarea cookie-urilor \u0219i a tehnologiilor similare. Aceast\u0103 politic\u0103 a fost elaborat\u0103 \u00een conformitate cu Regulamentul general privind protec\u021bia datelor al Uniunii Europene (GDPR) \u0219i cu legisla\u021bia sloven\u0103 \u00een vigoare.<\/span><\/p>\n<p><strong>1. <b>Despre cookie-uri<\/b><\/strong><\/p>\n<p><span style=\"font-weight: 400\">Ce sunt cookie-urile \u0219i de ce sunt necesare?<\/span><\/p>\n<p><span style=\"font-weight: 400\">Un cookie este o mic\u0103 parte a datelor pe care site-ul web le trimite browser-ului referitor la vizita dumneavoastr\u0103. Acesta este modul \u00een care un site web v\u0103 recunoa\u0219te, \u00ee\u0219i aminte\u0219te informa\u021biile legate de vizita dumneavoastr\u0103 \u0219i v\u0103 ofer\u0103 un serviciu web u\u0219or de utilizat \u0219i simplu. Cookie-urile ne ajut\u0103 s\u0103 adapt\u0103m con\u021binutul site-ului nostru web, s\u0103 ne amintim preferin\u021bele dumneavoastr\u0103 \u0219i s\u0103 \u00eenregistr\u0103m vizite pe site-ul nostru. Cookie-urile fac ca navigarea pe site-ul nostru web s\u0103 fie o experien\u021b\u0103 pl\u0103cut\u0103, rapid\u0103 \u0219i, mai presus de toate, mai eficient\u0103.<\/span><\/p>\n<p><strong>2. <b>Cookie-uri pe care le folosim<\/b><\/strong><\/p>\n<p><span style=\"font-weight: 400\">Pe site-ul nostru web, folosim diferite categorii de cookie-uri separate \u00een patru categorii:<\/span><\/p>\n<ul>\n<li style=\"font-weight: 400\"><span style=\"font-weight: 400\">cookie-urile necesare,<\/span><\/li>\n<li style=\"font-weight: 400\"><span style=\"font-weight: 400\">cookie-uri analitice,<\/span><\/li>\n<li style=\"font-weight: 400\"><span style=\"font-weight: 400\">cookie-uri func\u021bionale \u0219i<\/span><\/li>\n<li style=\"font-weight: 400\"><span style=\"font-weight: 400\">cookie-uri de publicitate (marketing).<\/span><\/li>\n<\/ul>\n<p><b>Cookie-urile necesare<\/b><span style=\"font-weight: 400\">\u00a0sunt cookie-uri f\u0103r\u0103 de care site-ul nostru web nu ar putea func\u021biona. Aceste cookie-uri sunt plasate automat pe dispozitivul dumneavoastr\u0103 \u0219i nu pot fi dezactivate. Cookie-urile necesare nu pot fi utilizate la identificarea dumneavoastr\u0103 \u0219i exist\u0103 doar pentru a garanta c\u0103 site-ul web este afi\u0219at corect.<\/span><\/p>\n<p><b>Cookie-urile analitice\u00a0<\/b><span style=\"font-weight: 400\">ne permit s\u0103 efectu\u0103m diferite analize statistice pentru site-ul nostru web. Aceste cookie-uri sunt utilizate \u00eentr-o form\u0103 anonim\u0103, ceea ce \u00eenseamn\u0103 c\u0103 nu pot fi utilizate la identificarea dumneavoastr\u0103. Pute\u021bi dezactiva utilizarea acestor cookie-uri \u00een browser-ul dumneavoastr\u0103 web sau utiliz\u00e2nd banner-ul \u201eConfigurare cookie-uri\u201d (Cookie Settings) din partea de jos a site-ului nostru web.<\/span><\/p>\n<p><b>Cookie-urile func\u021bionale<\/b><span style=\"font-weight: 400\">\u00a0sunt cookie-uri care permit diverse func\u021bii ale site-ului nostru web, cum ar fi setarea limbii, p\u0103strarea con\u021binutului co\u0219ului dumneavoastr\u0103 de cump\u0103r\u0103turi etc. Aceste cookie-uri sunt plasate pe dispozitivul dumneavoastr\u0103 numai cu acordul dumneavoastr\u0103 prealabil.<\/span><\/p>\n<p><b>Cookie-urile de marketing<\/b><span style=\"font-weight: 400\">\u00a0sunt utilizate pentru a oferi servicii personalizate de publicitate. Folosind anumite date, aceste cookie-uri creeaz\u0103 profilul dumneavoastr\u0103 pe baza c\u0103ruia ve\u021bi vedea doar reclame considerate a fi interesante pentru dumneavoastr\u0103. Aceste cookie-uri sunt plasate pe dispozitivul dumneavoastr\u0103 numai cu acordul dumneavoastr\u0103 prealabil. Dorim s\u0103 v\u0103 avertiz\u0103m c\u0103 refuzul de a utiliza aceste cookie-uri nu va \u00eempiedica site-ul web s\u0103 afi\u0219eze reclame, deoarece acestea vor continua s\u0103 apar\u0103; cu toate acestea, acestea nu vor mai fi adaptate intereselor dumneavoastr\u0103.<\/span><\/p>\n<p><span style=\"font-weight: 400\">\u00cen plus fa\u021b\u0103 de categoriile men\u021bionate mai sus, facem distinc\u021bia \u0219i \u00eentre cookie-urile primare \u0219i cookie-urile ter\u021bilor care opereaz\u0103 pe site-ul nostru web.<\/span><\/p>\n<p><b>Cookie-urile primare<\/b><span style=\"font-weight: 400\">\u00a0<\/span><span style=\"font-weight: 400\">sunt cookie-uri care apar\u021bin acestui site web, adic\u0103 cookie-urile care au fost plasate pe acest site de c\u0103tre compania noastr\u0103 sau de c\u0103tre procesatorii no\u0219tri cu care avem \u00eencheiate contracte de colaborare.\u00a0<\/span><span style=\"font-weight: 400\">Pentru a afla mai multe despre procesatorii no\u0219tri cu care avem \u00eencheiate contracte de colaborare, v\u0103 rug\u0103m s\u0103 citi\u021bi\u00a0<\/span><span style=\"font-weight: 400\">Politica noastr\u0103 de confiden\u021bialitate<\/span><span style=\"font-weight: 400\">\u00a0<\/span><span style=\"font-weight: 400\">.<\/span><\/p>\n<p><b>Cookie-urile ter\u021bilor<\/b><span style=\"font-weight: 400\">\u00a0sunt cookie-uri care sunt configurate de alte site-uri web dec\u00e2t cel pe care v\u0103 afla\u021bi \u00een prezent, care ne permit s\u0103 folosim anun\u021buri personalizate. Aceste cookie-uri sunt utilizate pentru a monitoriza modul \u00een care utiliza\u021bi internetul, permi\u021b\u00e2ndu-ne astfel s\u0103 afi\u0219\u0103m anun\u021burile relevante \u0219i interesante pentru dumneavoastr\u0103.<\/span><\/p>\n<p>&nbsp;<\/p>\n<p><strong>3. <b>Editarea preferin\u021belor pentru cookie-uri<\/b><\/strong><\/p>\n<p><span style=\"font-weight: 400\">Dumneavoastr\u0103 pute\u021bi decide dac\u0103 dori\u021bi s\u0103 permite\u021bi stocarea cookie-urilor pe dispozitivul dumneavoastr\u0103.<\/span><\/p>\n<p><span style=\"font-weight: 400\">Prin intermediul banner-ului \u201eConfigurare cookie-uri\u201d (Cookie Settings) din partea de jos a site-ului web pute\u021bi modifica oric\u00e2nd configur\u0103rile dumneavoastr\u0103 pentru cookie-uri.<\/span><\/p>\n<p><span style=\"font-weight: 400\">C\u00e2nd vizita\u021bi site-ul nostru web, numai cookie-urile necesare \u0219i cookie-urile analitice anonime sunt plasate automat pe dispozitivul dumneavoastr\u0103, \u00een timp ce cookie-urile preferen\u021biale \u0219i cele de marketing sunt plasate pe dispozitiv numai cu acordul dumneavoastr\u0103.<\/span><\/p>\n<p><span style=\"font-weight: 400\">Cum \u00eemi pot exprima acordul?<\/span><\/p>\n<p><span style=\"font-weight: 400\">C\u00e2nd vizita\u021bi site-ul nostru web pentru prima dat\u0103, pe ecran va fi afi\u0219at\u0103 o fereastr\u0103 de tip pop-up prin intermediul c\u0103reia ve\u021bi putea selecta configur\u0103rile dorite pentru cookie-uri. Dac\u0103 a\u021bi vizitat deja site-ul nostru web \u0219i a\u021bi confirmat cookie-urile acceptate, pute\u021bi modifica aceste set\u0103ri f\u0103c\u00e2nd clic pe \u201eConfigurare cookie-uri\u201d (Cookie Settings) din partea de jos a site-ului nostru web. Pe ecran va fi afi\u0219at\u0103 o nou\u0103 fereastr\u0103 de tip pop-up prin intermediul c\u0103reia ve\u021bi putea selecta op\u021biunile corespunz\u0103toare cookie-urilor.<\/span><\/p>\n<p><span style=\"font-weight: 400\">Dorim s\u0103 v\u0103 avertiz\u0103m c\u0103 refuzul de a utiliza cookie-uri nu va \u00eempiedica site-ul web s\u0103 afi\u0219eze reclame, deoarece num\u0103rul de reclame afi\u0219ate va fi acela\u0219i ca \u0219i \u00een cazul \u00een care accepta\u021bi cookie-urile. Dac\u0103 refuza\u021bi s\u0103 accepta\u021bi cookie-uri publicitare, ve\u021bi vedea doar reclame generalizate \u0219i nu ve\u021bi vedea reclame adaptate dorin\u021belor \u0219i nevoilor dumneavoastr\u0103.<\/span><\/p>\n<p><span style=\"font-weight: 400\">\u00cen browser-ul dumneavoastr\u0103 web pot fi, de asemenea, modifica\u021bi parametrii de configurare pentru cookie-uri.<\/span><\/p>\n<p><span style=\"font-weight: 400\">Pentru mai multe informa\u021bii despre parametrii de configurare pentru cookie-uri, selecta\u021bi browser-ul web pe care \u00eel utiliza\u021bi:<\/span><\/p>\n<ul>\n<li><a href=\"https:\/\/support.google.com\/chrome\/answer\/95647?co=GENIE.Platform=Desktop&amp;hl=en\"><span style=\"font-weight: 400\">Chrome<\/span><\/a><\/li>\n<li><a href=\"https:\/\/support.mozilla.org\/en-US\/kb\/clear-cookies-and-site-data-firefox\"><span style=\"font-weight: 400\">Firefox<\/span><\/a><\/li>\n<li><a href=\"https:\/\/support.microsoft.com\/en-us\/help\/17442\/windows-internet-explorer-delete-manage-cookies\"><span style=\"font-weight: 400\">Internet Explorer<\/span><\/a><\/li>\n<li><a href=\"https:\/\/support.apple.com\/sl-si\/guide\/safari\/sfri11471\/mac\"><span style=\"font-weight: 400\">Safari<\/span><\/a><\/li>\n<li><a href=\"https:\/\/blogs.opera.com\/news\/2015\/08\/how-to-manage-cookies-in-opera\/\"><span style=\"font-weight: 400\">Opera<\/span><\/a><\/li>\n<\/ul>\n<p><span style=\"font-weight: 400\">Dac\u0103 modifica\u021bi sau \u0219terge\u021bi fi\u0219ierul pentru cookie-uri al browser-ului dumneavoastr\u0103 sau modifica\u021bi \/actualiza\u021bi browser-ul sau dispozitivul dumneavoastr\u0103, ulterior este posibil s\u0103 fi\u021bi obligat s\u0103 dezactiva\u021bi din nou cookie-urile. Procesul de gestionare \u0219i \u0219tergere a cookie-urilor depinde de browser-ul utilizat. Dac\u0103 ave\u021bi nevoie de ajutor, pute\u021bi consulta sec\u021biunea \u201eAsisten\u021b\u0103 utilizator\u201d din cadrul browser-ului dumneavoastr\u0103.<\/span><\/p>\n<p><span style=\"font-weight: 400\">De asemenea, pute\u021bi dezactiva Google Analytics acces\u00e2nd\u00a0<\/span><a href=\"https:\/\/marketingplatform.google.com\/about\/\"><span style=\"font-weight: 400\">https:\/\/marketingplatform.google.com\/about\/<\/span><\/a><span style=\"font-weight: 400\">.<\/span><\/p>\n<p><span style=\"font-weight: 400\">Pentru a afla mai multe despre cookie-uri, accesa\u021bi pagina\u00a0<\/span><a href=\"http:\/\/youronlinechoices.com\/\"><span style=\"font-weight: 400\">http:\/\/youronlinechoices.com\/<\/span><\/a><span style=\"font-weight: 400\">.<\/span><\/p>\n<p>&nbsp;<\/p>\n<p><strong>4. <b>Cookie-urile utilizate pe acest site web<\/b><\/strong><\/p>\n<p>&nbsp;<\/p>\n<table>\n<tbody>\n<tr>\n<td><b>DENUMIRE COOKIE<\/b><\/td>\n<td><b>SCOP<\/b><\/td>\n<td><b>DURAT\u0102<\/b><\/td>\n<td><b>COMPANIE<\/b><\/td>\n<\/tr>\n<tr>\n<td><b>sb<\/b><\/td>\n<td><b>Func\u021bionarea plug-in-ului<\/b><\/td>\n<td><b>2 ani<\/b><\/td>\n<td><b>Facebook<\/b><\/td>\n<\/tr>\n<tr>\n<td><b>fr<\/b><\/td>\n<td><b>Func\u021bionarea plug-in-ului<\/b><\/td>\n<td><b>3 luni<\/b><\/td>\n<td><b>Facebook<\/b><\/td>\n<\/tr>\n<tr>\n<td><b>xs<\/b><\/td>\n<td><b>Func\u021bionarea plug-in-ului<\/b><\/td>\n<td><b>3 luni<\/b><\/td>\n<td><b>Facebook<\/b><\/td>\n<\/tr>\n<tr>\n<td><b>c_user<\/b><\/td>\n<td><b>Func\u021bionarea plug-in-ului<\/b><\/td>\n<td><b>3 luni<\/b><\/td>\n<td><b>Facebook<\/b><\/td>\n<\/tr>\n<tr>\n<td><b>presence<\/b><\/td>\n<td><b>Func\u021bionarea plug-in-ului<\/b><\/td>\n<td><b>Durata sesiunii<\/b><\/td>\n<td><b>Facebook<\/b><\/td>\n<\/tr>\n<tr>\n<td><b>pl<\/b><\/td>\n<td><b>Func\u021bionarea plug-in-ului<\/b><\/td>\n<td><b>1 lun\u0103<\/b><\/td>\n<td><b>Facebook<\/b><\/td>\n<\/tr>\n<tr>\n<td><b>wd<\/b><\/td>\n<td><b>Func\u021bionarea plug-in-ului<\/b><\/td>\n<td><b>1 s\u0103pt\u0103m\u00e2n\u0103<\/b><\/td>\n<td><b>Facebook<\/b><\/td>\n<\/tr>\n<tr>\n<td><b>datr<\/b><\/td>\n<td><b>Func\u021bionarea plug-in-ului<\/b><\/td>\n<td><b>3 luni<\/b><\/td>\n<td><b>Facebook<\/b><\/td>\n<\/tr>\n<tr>\n<td><\/td>\n<td><\/td>\n<td><\/td>\n<td><\/td>\n<\/tr>\n<tr>\n<td><\/td>\n<td><\/td>\n<td><\/td>\n<td><\/td>\n<\/tr>\n<tr>\n<td><b>DENUMIRE COOKIE<\/b><\/td>\n<td><b>SCOP<\/b><\/td>\n<td><b>DURAT\u0102<\/b><\/td>\n<td><b>COMPANIE<\/b><\/td>\n<\/tr>\n<tr>\n<td><b>m_pixel_ratio<\/b><\/td>\n<td><b>Func\u021bionarea plug-in-ului<\/b><\/td>\n<td><b>Durata sesiunii<\/b><\/td>\n<td><b>Facebook<\/b><\/td>\n<\/tr>\n<tr>\n<td><b>dpr<\/b><\/td>\n<td><b>Func\u021bionarea plug-in-ului<\/b><\/td>\n<td><b>1 s\u0103pt\u0103m\u00e2n\u0103<\/b><\/td>\n<td><b>Facebook<\/b><\/td>\n<\/tr>\n<tr>\n<td><b>act<\/b><\/td>\n<td><b>Func\u021bionarea plug-in-ului<\/b><\/td>\n<td><b>Durata sesiunii<\/b><\/td>\n<td><b>Facebook<\/b><\/td>\n<\/tr>\n<tr>\n<td><b>_lo_v<\/b><\/td>\n<td><b>Func\u021bionarea plug-in-ului Ghost Monitor<\/b><\/td>\n<td><b>3 luni<\/b><\/td>\n<td><b>Ghost Monitor<\/b><\/td>\n<\/tr>\n<tr>\n<td><b>__cfduid<\/b><\/td>\n<td><b>Func\u021bionarea plug-in-ului Ghost Monitor<\/b><\/td>\n<td><b>1 an<\/b><\/td>\n<td><b>Ghost Monitor<\/b><\/td>\n<\/tr>\n<tr>\n<td><b>_lo_u<\/b><\/td>\n<td><b>Func\u021bionarea plug-in-ului Ghost Monitor<\/b><\/td>\n<td><b>1 an<\/b><\/td>\n<td><b>Ghost Monitor<\/b><\/td>\n<\/tr>\n<tr>\n<td><b>_ga<\/b><\/td>\n<td><b>Func\u021bionarea plug-in-ului Ghost Monitor<\/b><\/td>\n<td><b>1 an<\/b><\/td>\n<td><b>Ghost Monitor<\/b><\/td>\n<\/tr>\n<tr>\n<td><\/td>\n<td><\/td>\n<td><\/td>\n<td><\/td>\n<\/tr>\n<tr>\n<td><b>DENUMIRE COOKIE<\/b><\/td>\n<td><b>SCOP<\/b><\/td>\n<td><b>DURAT\u0102<\/b><\/td>\n<td><b>COMPANIE<\/b><\/td>\n<\/tr>\n<tr>\n<td><b>__utma<\/b><\/td>\n<td><b>Statistici ale vizitelor utilizatorilor<\/b><\/td>\n<td><b>2 ani<\/b><\/td>\n<td><b>Google Analytics<\/b><\/td>\n<\/tr>\n<tr>\n<td><b>__utmz<\/b><\/td>\n<td><b>Statistici ale vizitelor utilizatorilor<\/b><\/td>\n<td><b>6 luni<\/b><\/td>\n<td><b>Google Analytics<\/b><\/td>\n<\/tr>\n<tr>\n<td><b>__utmc<\/b><\/td>\n<td><b>Statistici ale vizitelor utilizatorilor<\/b><\/td>\n<td><b>Durata sesiunii<\/b><\/td>\n<td><b>Google Analytics<\/b><\/td>\n<\/tr>\n<tr>\n<td><b>__utmv<\/b><\/td>\n<td><b>Statistici ale vizitelor utilizatorilor<\/b><\/td>\n<td><b>Durata sesiunii<\/b><\/td>\n<td><b>Google Analytics<\/b><\/td>\n<\/tr>\n<tr>\n<td><b>__distillery<\/b><\/td>\n<td><b>Func\u021bionarea programului de redare video<\/b><\/td>\n<td><strong>linoexpress.com\/ro<\/strong><\/td>\n<td><strong>linoexpress.com\/ro<\/strong><\/td>\n<\/tr>\n<tr>\n<td><strong>woocommerce_items_in_cart<\/strong><\/td>\n<td><strong>Func\u021bionarea site-ului web linoexpress.com\/ro<\/strong><\/td>\n<td><strong>linoexpress.com\/ro<\/strong><\/td>\n<td><strong>linoexpress.com\/ro<\/strong><\/td>\n<\/tr>\n<tr>\n<td><strong>__kla_id<\/strong><\/td>\n<td><strong>Func\u021bionarea site-ului web linoexpress.com\/ro<\/strong><\/td>\n<td><strong>linoexpress.com\/ro<\/strong><\/td>\n<td><strong>linoexpress.com\/ro<\/strong><\/td>\n<\/tr>\n<tr>\n<td><strong>wp_woocommerce_session_<\/strong><\/td>\n<td><strong>Func\u021bionarea site-ului web linoexpress.com\/ro<\/strong><\/td>\n<td><strong>linoexpress.com\/ro<\/strong><\/td>\n<td><strong>linoexpress.com\/ro<\/strong><\/td>\n<\/tr>\n<\/tbody>\n<\/table>\n<p><strong>5. <b>Scopuri pentru care sunt utilizate cookie-uri pe site-ul nostru web<\/b><\/strong><\/p>\n<p><span style=\"font-weight: 400\">Pe site-ul nostru, cookie-urile sunt utilizate \u00een urm\u0103toarele scopuri:<\/span><\/p>\n<ul>\n<li style=\"font-weight: 400\"><span style=\"font-weight: 400\">recunoa\u0219terea vizitatorului la vizita urm\u0103toare,<\/span><\/li>\n<li style=\"font-weight: 400\"><span style=\"font-weight: 400\">p\u0103strarea evalu\u0103rilor pe care le oferi\u021bi pentru produse,<\/span><\/li>\n<li style=\"font-weight: 400\"><span style=\"font-weight: 400\">analiza site-ul web,<\/span><\/li>\n<li style=\"font-weight: 400\"><span style=\"font-weight: 400\">asigurarea securit\u0103\u021bii site-ului web,<\/span><\/li>\n<li style=\"font-weight: 400\"><span style=\"font-weight: 400\">monitorizarea \u0219i p\u0103strarea con\u021binutului co\u0219ului dumneavoastr\u0103 de cump\u0103r\u0103turi (cookie de sesiune),<\/span><\/li>\n<li style=\"font-weight: 400\"><span style=\"font-weight: 400\">cookie pentru trimiterea unui mesaj referitor la o achizi\u021bie nefinalizat\u0103,<\/span><\/li>\n<li style=\"font-weight: 400\"><span style=\"font-weight: 400\">func\u021bionarea con\u021binutului video,<\/span><\/li>\n<li style=\"font-weight: 400\"><span style=\"font-weight: 400\">func\u021bionarea func\u021biei de chat a site-ului \u0219i<\/span><\/li>\n<li style=\"font-weight: 400\"><span style=\"font-weight: 400\">publicitate.<\/span><\/li>\n<\/ul>\n<p>&nbsp;<\/p>\n<p><strong>6. <b>Drepturile dumneavoastr\u0103 legate de prelucrarea datelor cu caracter personal prin intermediul cookie-urilor<\/b><\/strong><\/p>\n<p><span style=\"font-weight: 400\">\u00cen plus fa\u021b\u0103 de modificarea preferin\u021belor referitoare la cookie-uri, \u00een modul detaliat mai sus, ave\u021bi \u0219i op\u021biunea de a v\u0103 impune drepturile legate de prelucrarea datelor cu caracter personal. Aceste drepturi sunt detaliate \u00een Politica noastr\u0103 de confiden\u021bialitate.<\/span><\/p>\n<p>&nbsp;<\/p>\n<p><strong>7. <b>Modific\u0103ri \u0219i contact<\/b><\/strong><\/p>\n<p><span style=\"font-weight: 400\">Aceast\u0103 politic\u0103 referitoare la cookie-uri se poate modifica oric\u00e2nd. Versiunea actualizat\u0103 va fi publicat\u0103 la: https:\/\/linoexpress.com\/ro\/<\/span><\/p>\n<p><span style=\"font-weight: 400\">Dac\u0103 ave\u021bi \u00eentreb\u0103ri sau dac\u0103 ave\u021bi nevoie de informa\u021bii suplimentare despre cookie-uri sau prelucrarea datelor cu caracter personal, v\u0103 rug\u0103m s\u0103 ne contacta\u021bi la\u00a0<\/span><span style=\"font-weight: 400\">ro@linoexpress.com<\/span><span style=\"font-weight: 400\">.<\/span><\/p>\n<p><span style=\"font-weight: 400\">\u00a0<\/span><\/p>\n<p><b>ECTCEU d.o.o.\u00a0 \u00a0 Kamni\u0161ka cesta 24, 1235 Radomlje <\/b><span style=\"font-weight: 400\">\/\u00a0<\/span><span style=\"font-weight: 400\">Slovenia\u00a0<\/span><span style=\"font-weight: 400\">\/\u00a0<\/span><span style=\"font-weight: 400\">ro@linoexpress.com<\/span><\/p>\n<p><span style=\"font-weight: 400\">Autoritatea de \u00cenregistrare: Judec\u0103toria Districtului Ljubljana\u00a0<\/span><span style=\"font-weight: 400\">\/<\/span><span style=\"font-weight: 400\">\u00a0Capital social: 7.500 EUR\u00a0<\/span><span style=\"font-weight: 400\">\/<\/span><span style=\"font-weight: 400\">\u00a0IBAN SI56 1010 0005 7929 365\u00a0 <\/span><span style=\"font-weight: 400\">\/<\/span><span style=\"font-weight: 400\">\u00a0Cod Unic pentru TVA: 37400223\u00a0<\/span><span style=\"font-weight: 400\">\/<\/span><span style=\"font-weight: 400\">\u00a0Num\u0103r de \u00eenregistrare al companiei: 8477493000<\/span><\/p>\n<p>&nbsp;<\/p>\n","protected":false},"excerpt":{"rendered":"<p>Compania ECTCEU d.o.o. v\u0103 respect\u0103 \u0219i v\u0103 protejeaz\u0103 confiden\u021bialitatea. Mai jos reg\u0103si\u021bi informa\u021bii detaliate despre modul \u00een care trat\u0103m datele dumneavoastr\u0103 personale. Aceast\u0103 politic\u0103 privind cookie-urile descrie modul de prelucrare a datelor colectate prin utilizarea cookie-urilor \u0219i a tehnologiilor similare. Aceast\u0103 politic\u0103 a fost elaborat\u0103 \u00een conformitate cu Regulamentul general privind protec\u021bia datelor al Uniunii &hellip; <a href=\"https:\/\/linoexpress.com\/ro\/politica-privind-cookie-urile\/\">Continued<\/a><\/p>\n","protected":false},"author":4,"featured_media":0,"parent":0,"menu_order":0,"comment_status":"closed","ping_status":"closed","template":"","meta":{"inline_featured_image":false,"footnotes":""},"class_list":["post-746","page","type-page","status-publish","hentry"],"acf":[],"_links":{"self":[{"href":"https:\/\/linoexpress.com\/ro\/wp-json\/wp\/v2\/pages\/746","targetHints":{"allow":["GET"]}}],"collection":[{"href":"https:\/\/linoexpress.com\/ro\/wp-json\/wp\/v2\/pages"}],"about":[{"href":"https:\/\/linoexpress.com\/ro\/wp-json\/wp\/v2\/types\/page"}],"author":[{"embeddable":true,"href":"https:\/\/linoexpress.com\/ro\/wp-json\/wp\/v2\/users\/4"}],"replies":[{"embeddable":true,"href":"https:\/\/linoexpress.com\/ro\/wp-json\/wp\/v2\/comments?post=746"}],"version-history":[{"count":3,"href":"https:\/\/linoexpress.com\/ro\/wp-json\/wp\/v2\/pages\/746\/revisions"}],"predecessor-version":[{"id":21889,"href":"https:\/\/linoexpress.com\/ro\/wp-json\/wp\/v2\/pages\/746\/revisions\/21889"}],"wp:attachment":[{"href":"https:\/\/linoexpress.com\/ro\/wp-json\/wp\/v2\/media?parent=746"}],"curies":[{"name":"wp","href":"https:\/\/api.w.org\/{rel}","templated":true}]}}