{"id":98,"date":"2020-10-28T10:57:05","date_gmt":"2020-10-28T10:57:05","guid":{"rendered":"https:\/\/shopium.eu\/rs\/?page_id=98"},"modified":"2021-01-11T11:25:13","modified_gmt":"2021-01-11T10:25:13","slug":"plata","status":"publish","type":"page","link":"https:\/\/linoexpress.com\/ro\/plata\/","title":{"rendered":"Op\u0163iuni de livrare \u015fi de plat\u0103"},"content":{"rendered":"<p><strong>Livrare<\/strong><\/p>\n<p>Toate produsele expuse pe site-ul nostru web sunt, de asemenea, \u00een stoc. In timpul achizi\u0163iei, clientul este obligat s\u0103 pl\u0103teasc\u0103 costurile de livrare la primirea m\u0103rfii, cu excep\u0163ia comenzii anumitor produse, sun marcate\u00a0: \u00ab\u00a0livrarea este inclus\u0103 \u00een pre\u0163\u00a0\u00bb sau \u00ab\u00a0livrare gratuit\u0103\u00a0\u00bb. Pentru livrarea comenzilor folosim serviciile de livrare GLS i Packeta. Termenul de livrare al produselor comandate dureaz\u0103 de la 2 la 5 zile lucr\u0103toare (din cauza situa\u0163iei COVID-19, exist\u0103 posibilitatea prelungirii termenului de livrare). Produsele comandate sunt livrate la adresa specificat\u0103 ca adres\u0103 de livrare.<\/p>\n<p><strong>Urm\u0103rire colet<\/strong><\/p>\n<p>Pute\u021bi urm\u0103ri coletul dvs. prin acest link: <a href=\"https:\/\/tracking.packeta.com\/ro\/tracking\/search\">https:\/\/tracking.packeta.com\/ro\/tracking\/search<\/a><\/p>\n<p><strong>Plat\u0103<\/strong><\/p>\n<p>V\u0103 oferim mai multe op\u021biuni de plat\u0103. Pute\u021bi pl\u0103ti produsul prin PayPal, card de credit sau ramburs.<\/p>\n","protected":false},"excerpt":{"rendered":"<p>Livrare Toate produsele expuse pe site-ul nostru web sunt, de asemenea, \u00een stoc. In timpul achizi\u0163iei, clientul este obligat s\u0103 pl\u0103teasc\u0103 costurile de livrare la primirea m\u0103rfii, cu excep\u0163ia comenzii anumitor produse, sun marcate\u00a0: \u00ab\u00a0livrarea este inclus\u0103 \u00een pre\u0163\u00a0\u00bb sau \u00ab\u00a0livrare gratuit\u0103\u00a0\u00bb. Pentru livrarea comenzilor folosim serviciile de livrare GLS i Packeta. Termenul de livrare &hellip; <a href=\"https:\/\/linoexpress.com\/ro\/plata\/\">Continued<\/a><\/p>\n","protected":false},"author":1,"featured_media":0,"parent":0,"menu_order":0,"comment_status":"closed","ping_status":"closed","template":"","meta":{"inline_featured_image":false,"footnotes":""},"class_list":["post-98","page","type-page","status-publish","hentry"],"acf":[],"_links":{"self":[{"href":"https:\/\/linoexpress.com\/ro\/wp-json\/wp\/v2\/pages\/98","targetHints":{"allow":["GET"]}}],"collection":[{"href":"https:\/\/linoexpress.com\/ro\/wp-json\/wp\/v2\/pages"}],"about":[{"href":"https:\/\/linoexpress.com\/ro\/wp-json\/wp\/v2\/types\/page"}],"author":[{"embeddable":true,"href":"https:\/\/linoexpress.com\/ro\/wp-json\/wp\/v2\/users\/1"}],"replies":[{"embeddable":true,"href":"https:\/\/linoexpress.com\/ro\/wp-json\/wp\/v2\/comments?post=98"}],"version-history":[{"count":7,"href":"https:\/\/linoexpress.com\/ro\/wp-json\/wp\/v2\/pages\/98\/revisions"}],"predecessor-version":[{"id":761,"href":"https:\/\/linoexpress.com\/ro\/wp-json\/wp\/v2\/pages\/98\/revisions\/761"}],"wp:attachment":[{"href":"https:\/\/linoexpress.com\/ro\/wp-json\/wp\/v2\/media?parent=98"}],"curies":[{"name":"wp","href":"https:\/\/api.w.org\/{rel}","templated":true}]}}