{"id":10779,"date":"2023-02-23T10:19:14","date_gmt":"2023-02-23T09:19:14","guid":{"rendered":"https:\/\/linoexpress.com\/ro\/?post_type=product&#038;p=10779"},"modified":"2023-02-23T12:48:24","modified_gmt":"2023-02-23T11:48:24","slug":"incaltaminte-calduroasa-pentru-bebelusi-si-copii","status":"publish","type":"product","link":"https:\/\/linoexpress.com\/ro\/produs\/incaltaminte-calduroasa-pentru-bebelusi-si-copii\/","title":{"rendered":"\u00cenc\u0103l\u021b\u0103minte c\u0103lduroas\u0103 pentru bebelu\u0219i \u0219i copii"},"content":{"rendered":"","protected":false},"excerpt":{"rendered":"<p>Pantofii comozi si moi pentru bebelu\u0219i si copii vor oferi confort maxim \u0219i c\u0103ldur\u0103 picioarelor mici. Materialele de cea mai bun\u0103 calitate \u0219i un aspect frumos vor completa orice combina\u021bie.<\/p>\n","protected":false},"featured_media":10781,"comment_status":"closed","ping_status":"closed","template":"","meta":{"inline_featured_image":false},"product_brand":[],"product_cat":[28,15,26],"product_tag":[],"class_list":{"0":"post-10779","1":"product","2":"type-product","3":"status-publish","4":"has-post-thumbnail","6":"product_cat-beauty","7":"product_cat-uncategorized","8":"product_cat-health","10":"first","11":"instock","12":"sale","13":"taxable","14":"shipping-taxable","15":"purchasable","16":"product-type-simple"},"acf":[],"_links":{"self":[{"href":"https:\/\/linoexpress.com\/ro\/wp-json\/wp\/v2\/product\/10779","targetHints":{"allow":["GET"]}}],"collection":[{"href":"https:\/\/linoexpress.com\/ro\/wp-json\/wp\/v2\/product"}],"about":[{"href":"https:\/\/linoexpress.com\/ro\/wp-json\/wp\/v2\/types\/product"}],"replies":[{"embeddable":true,"href":"https:\/\/linoexpress.com\/ro\/wp-json\/wp\/v2\/comments?post=10779"}],"wp:featuredmedia":[{"embeddable":true,"href":"https:\/\/linoexpress.com\/ro\/wp-json\/wp\/v2\/media\/10781"}],"wp:attachment":[{"href":"https:\/\/linoexpress.com\/ro\/wp-json\/wp\/v2\/media?parent=10779"}],"wp:term":[{"taxonomy":"product_brand","embeddable":true,"href":"https:\/\/linoexpress.com\/ro\/wp-json\/wp\/v2\/product_brand?post=10779"},{"taxonomy":"product_cat","embeddable":true,"href":"https:\/\/linoexpress.com\/ro\/wp-json\/wp\/v2\/product_cat?post=10779"},{"taxonomy":"product_tag","embeddable":true,"href":"https:\/\/linoexpress.com\/ro\/wp-json\/wp\/v2\/product_tag?post=10779"}],"curies":[{"name":"wp","href":"https:\/\/api.w.org\/{rel}","templated":true}]}}