{"id":10800,"date":"2023-02-23T14:23:43","date_gmt":"2023-02-23T13:23:43","guid":{"rendered":"https:\/\/linoexpress.com\/ro\/?post_type=product&#038;p=10800"},"modified":"2023-09-15T13:16:43","modified_gmt":"2023-09-15T11:16:43","slug":"jucarie-educativa-trenulet-din-lemn-cu-numere","status":"publish","type":"product","link":"https:\/\/linoexpress.com\/ro\/produs\/jucarie-educativa-trenulet-din-lemn-cu-numere\/","title":{"rendered":"Juc\u0103rie educativ\u0103-Trenule\u021b din lemn cu numere"},"content":{"rendered":"","protected":false},"excerpt":{"rendered":"<p>O juc\u0103rie pentru \u00eenv\u0103\u021barea timpurie a numerelor, formelor \u0219i culorilor. Exersarea abilit\u0103\u021bilor practice \u0219i mentale \u0219i dezvoltarea creativit\u0103\u021bii.<\/p>\n","protected":false},"featured_media":10810,"comment_status":"closed","ping_status":"closed","template":"","meta":{"inline_featured_image":false},"product_brand":[],"product_cat":[15,35],"product_tag":[],"class_list":{"0":"post-10800","1":"product","2":"type-product","3":"status-publish","4":"has-post-thumbnail","6":"product_cat-uncategorized","7":"product_cat-fun","9":"first","10":"instock","11":"sale","12":"taxable","13":"shipping-taxable","14":"purchasable","15":"product-type-simple"},"acf":[],"_links":{"self":[{"href":"https:\/\/linoexpress.com\/ro\/wp-json\/wp\/v2\/product\/10800","targetHints":{"allow":["GET"]}}],"collection":[{"href":"https:\/\/linoexpress.com\/ro\/wp-json\/wp\/v2\/product"}],"about":[{"href":"https:\/\/linoexpress.com\/ro\/wp-json\/wp\/v2\/types\/product"}],"replies":[{"embeddable":true,"href":"https:\/\/linoexpress.com\/ro\/wp-json\/wp\/v2\/comments?post=10800"}],"wp:featuredmedia":[{"embeddable":true,"href":"https:\/\/linoexpress.com\/ro\/wp-json\/wp\/v2\/media\/10810"}],"wp:attachment":[{"href":"https:\/\/linoexpress.com\/ro\/wp-json\/wp\/v2\/media?parent=10800"}],"wp:term":[{"taxonomy":"product_brand","embeddable":true,"href":"https:\/\/linoexpress.com\/ro\/wp-json\/wp\/v2\/product_brand?post=10800"},{"taxonomy":"product_cat","embeddable":true,"href":"https:\/\/linoexpress.com\/ro\/wp-json\/wp\/v2\/product_cat?post=10800"},{"taxonomy":"product_tag","embeddable":true,"href":"https:\/\/linoexpress.com\/ro\/wp-json\/wp\/v2\/product_tag?post=10800"}],"curies":[{"name":"wp","href":"https:\/\/api.w.org\/{rel}","templated":true}]}}